{"id":1619,"date":"2023-03-14T15:56:02","date_gmt":"2023-03-14T14:56:02","guid":{"rendered":"https:\/\/www.lesprairies.net\/home\/"},"modified":"2024-08-13T09:44:56","modified_gmt":"2024-08-13T07:44:56","slug":"home","status":"publish","type":"page","link":"https:\/\/www.lesprairies.net\/en\/","title":{"rendered":"Home"},"content":{"rendered":"\n<div class=\"wp-block-cover is-light pe-00_banner\"><span aria-hidden=\"true\" class=\"wp-block-cover__gradient-background has-background-dim\"><\/span><img width=\"1903\" height=\"880\" class=\"wp-block-cover__image-background wp-image-1500\" alt=\"\" src=\"https:\/\/www.lesprairies.net\/wp-content\/uploads\/2023\/02\/photo-637383609091056286-1-1-1.jpg\" style=\"object-position:51% 59%\" data-object-fit=\"cover\" data-object-position=\"51% 59%\" srcset=\"https:\/\/www.lesprairies.net\/wp-content\/uploads\/2023\/02\/photo-637383609091056286-1-1-1.jpg 1903w, https:\/\/www.lesprairies.net\/wp-content\/uploads\/2023\/02\/photo-637383609091056286-1-1-1-300x139.jpg 300w, https:\/\/www.lesprairies.net\/wp-content\/uploads\/2023\/02\/photo-637383609091056286-1-1-1-1024x474.jpg 1024w, https:\/\/www.lesprairies.net\/wp-content\/uploads\/2023\/02\/photo-637383609091056286-1-1-1-768x355.jpg 768w, https:\/\/www.lesprairies.net\/wp-content\/uploads\/2023\/02\/photo-637383609091056286-1-1-1-1536x710.jpg 1536w\" sizes=\"(max-width: 1903px) 100vw, 1903px\" \/><div class=\"wp-block-cover__inner-container\">\n<div class=\"wp-block-columns are-vertically-aligned-bottom\">\n<div class=\"wp-block-column is-vertically-aligned-bottom\">\n<div class=\"wp-container-69f37f6c9f546 wp-block-group\"><div class=\"wp-block-group__inner-container\">\n<ul><li><i class=\"far fa-calendar\"><\/i> <span itemprop=\"openingHours\">Open all year long<\/span><\/li><li><i class=\"far fa-phone\"><\/i> <a itemprop=\"telephone\" href=\"tel:+33240017335\">02 40 01 73 35<\/a><\/li><\/ul>\n<\/div><\/div>\n<\/div>\n\n\n\n<div class=\"wp-block-column is-vertically-aligned-bottom\"><ctv-searchbar><\/ctv-searchbar>\n<\/div>\n<\/div>\n<\/div><\/div>\n\n\n\n<div class=\"wp-block-columns\">\n<div class=\"wp-block-column\" style=\"flex-basis:41%\">\n<h1 class=\"h5\" id=\"a-deux-pas-de-la-mer\">Le Camping**** Les Prairies de l&#8217;Etang | Holidays near Gu\u00e9rande<\/h1>\n\n\n\n<p class=\"h1\">A stone&#8217;s throw from the sea<\/p>\n\n\n\n<ul class=\"pictos col-3 row-mob\"><li><i class=\"far fa-heart\"><\/i>  Large spaces<\/li><li><i class=\"far fa-spa\"><\/i>  Comfort<\/li><li><i class=\"far fa-leaf\"><\/i>  Calm<\/li><\/ul>\n\n\n\n<p>Ideally located between the sea and the countryside, less than 20 minutes from La Baule and Gu\u00e9rande, the campsite **** les Prairies de l&#8217;\u00e9tang, offers you a very natural vacation 5 minutes from the beach on one of its 142 pitches!<\/p>\n\n\n\n<p>It is the ideal destination to spend pleasant vacations with family or friends in the heart of the peninsula of Gu\u00e9rande, near P\u00e9nestin and the bay of La Baule!<\/p>\n\n\n\n<div class=\"wp-block-group lire-plus-pc\"><div class=\"wp-block-group__inner-container\">\n<p>Read more<\/p>\n\n\n\n<div class=\"wp-container-69f37f6c9fa7b wp-block-group\"><div class=\"wp-block-group__inner-container\">\n<h2 class=\"h4\" id=\"votre-camping-4-etoiles-a-5-minutes-de-la-plage-et-du-bord-de-mer\">Your 4 star campsite 5 minutes from the beach and the seaside<\/h2>\n\n\n\n<p>Camping **** Les Prairies de l&#8217;Etang is located 5 km from the family beaches of Pont Mah\u00e9 and Pen B\u00e9.<\/p>\n\n\n\n<p>After 5 minutes by car or 15 minutes by bike, you can reach the beach and enjoy swimming and water sports (windsurfing and kite-surfing) on beautiful stretches of fine sand, supervised in summer.<\/p>\n<\/div><\/div>\n<\/div><\/div>\n<\/div>\n\n\n\n<div class=\"wp-block-column\">\n<figure class=\"wp-block-gallery has-nested-images columns-default is-cropped gal--row\">\n<figure class=\"wp-block-image size-large\"><img width=\"761\" height=\"1024\" src=\"https:\/\/www.lesprairies.net\/wp-content\/uploads\/2023\/02\/photo-637993550636630384-2-1-761x1024.jpg\" alt=\"\" class=\"wp-image-1457\" srcset=\"https:\/\/www.lesprairies.net\/wp-content\/uploads\/2023\/02\/photo-637993550636630384-2-1-761x1024.jpg 761w, https:\/\/www.lesprairies.net\/wp-content\/uploads\/2023\/02\/photo-637993550636630384-2-1-223x300.jpg 223w, https:\/\/www.lesprairies.net\/wp-content\/uploads\/2023\/02\/photo-637993550636630384-2-1-768x1033.jpg 768w, https:\/\/www.lesprairies.net\/wp-content\/uploads\/2023\/02\/photo-637993550636630384-2-1.jpg 909w\" sizes=\"(max-width: 761px) 100vw, 761px\" \/><\/figure>\n\n\n\n<figure class=\"wp-block-image size-large\"><img width=\"779\" height=\"1024\" src=\"https:\/\/www.lesprairies.net\/wp-content\/uploads\/2023\/02\/photo-637383608250906343-1-779x1024.jpg\" alt=\"\" class=\"wp-image-1460\" srcset=\"https:\/\/www.lesprairies.net\/wp-content\/uploads\/2023\/02\/photo-637383608250906343-1-779x1024.jpg 779w, https:\/\/www.lesprairies.net\/wp-content\/uploads\/2023\/02\/photo-637383608250906343-1-228x300.jpg 228w, https:\/\/www.lesprairies.net\/wp-content\/uploads\/2023\/02\/photo-637383608250906343-1-768x1010.jpg 768w, https:\/\/www.lesprairies.net\/wp-content\/uploads\/2023\/02\/photo-637383608250906343-1.jpg 930w\" sizes=\"(max-width: 779px) 100vw, 779px\" \/><\/figure>\n\n\n\n<figure class=\"wp-block-image size-large\"><img width=\"1024\" height=\"947\" src=\"https:\/\/www.lesprairies.net\/wp-content\/uploads\/2023\/02\/pexels-marianna-89414-1-1024x947.jpg\" alt=\"\" class=\"wp-image-1463\" srcset=\"https:\/\/www.lesprairies.net\/wp-content\/uploads\/2023\/02\/pexels-marianna-89414-1-1024x947.jpg 1024w, https:\/\/www.lesprairies.net\/wp-content\/uploads\/2023\/02\/pexels-marianna-89414-1-300x277.jpg 300w, https:\/\/www.lesprairies.net\/wp-content\/uploads\/2023\/02\/pexels-marianna-89414-1-768x710.jpg 768w, https:\/\/www.lesprairies.net\/wp-content\/uploads\/2023\/02\/pexels-marianna-89414-1.jpg 1325w\" sizes=\"(max-width: 1024px) 100vw, 1024px\" \/><\/figure>\n<\/figure>\n\n\n\n<div class=\"wp-container-69f37f6c9fe39 wp-block-buttons button-gallery\">\n<div class=\"wp-block-button is-style-fill\"><a class=\"wp-block-button__link\" href=\"https:\/\/www.lesprairies.net\/en\/gallery-medias\/\">In pictures<\/a><\/div>\n<\/div>\n<\/div>\n<\/div>\n\n\n\n<div class=\"wp-container-69f37f6ca08fe wp-block-group has-beige-clair-background-color has-background\"><div class=\"wp-block-group__inner-container\">\n<div class=\"wp-block-columns\">\n<div class=\"wp-block-column order-mob\">\n<figure class=\"wp-block-gallery has-nested-images columns-1 is-cropped  deco--fleur_big gal--large\">\n<figure class=\"wp-block-image size-large deco--fleur_02\"><img width=\"1024\" height=\"683\" src=\"https:\/\/www.lesprairies.net\/wp-content\/uploads\/2023\/02\/photo-637828578687373724-2-1024x683.jpg\" alt=\"\" class=\"wp-image-1447\" srcset=\"https:\/\/www.lesprairies.net\/wp-content\/uploads\/2023\/02\/photo-637828578687373724-2-1024x683.jpg 1024w, https:\/\/www.lesprairies.net\/wp-content\/uploads\/2023\/02\/photo-637828578687373724-2-300x200.jpg 300w, https:\/\/www.lesprairies.net\/wp-content\/uploads\/2023\/02\/photo-637828578687373724-2-768x512.jpg 768w, https:\/\/www.lesprairies.net\/wp-content\/uploads\/2023\/02\/photo-637828578687373724-2.jpg 1199w\" sizes=\"(max-width: 1024px) 100vw, 1024px\" \/><\/figure>\n\n\n\n<figure class=\"wp-block-image size-large\"><img width=\"1024\" height=\"768\" src=\"https:\/\/www.lesprairies.net\/wp-content\/uploads\/2023\/02\/photo-637993591626747566-2-1024x768.jpg\" alt=\"\" class=\"wp-image-1444\" srcset=\"https:\/\/www.lesprairies.net\/wp-content\/uploads\/2023\/02\/photo-637993591626747566-2-1024x768.jpg 1024w, https:\/\/www.lesprairies.net\/wp-content\/uploads\/2023\/02\/photo-637993591626747566-2-300x225.jpg 300w, https:\/\/www.lesprairies.net\/wp-content\/uploads\/2023\/02\/photo-637993591626747566-2-768x576.jpg 768w, https:\/\/www.lesprairies.net\/wp-content\/uploads\/2023\/02\/photo-637993591626747566-2.jpg 1066w\" sizes=\"(max-width: 1024px) 100vw, 1024px\" \/><\/figure>\n<\/figure>\n<\/div>\n\n\n\n<div class=\"wp-block-column\" style=\"flex-basis:50%\">\n<h2 class=\"has-text-align-center h5\" id=\"votre-location-de-camping-en-bretagne-plein-sud-la-baule-presqu-ile-de-guerande\">Your camping rental in &#8220;Bretagne Plein Sud, La Baule-Presqu&#8217;\u00eele de Gu\u00e9rande&#8221;.<\/h2>\n\n\n\n<p class=\"has-text-align-center h2 deco--souligne\">We take care of you<\/p>\n\n\n\n<p class=\"has-text-align-center\">Book your mobile home rental near La Baule and Gu\u00e9rande and enjoy the calm and comfort of the campsite accommodations. With 2 or 3 bedrooms, each rental offers all the assets for a successful vacation with family or friends in the heart of the Gu\u00e9rande peninsula.<\/p>\n\n\n\n<div class=\"wp-block-group lire-plus-mobile\"><div class=\"wp-block-group__inner-container\">\n<p class=\"has-text-align-center\">Read more<\/p>\n\n\n\n<div class=\"wp-container-69f37f6ca0266 wp-block-group\"><div class=\"wp-block-group__inner-container\">\n<p class=\"has-text-align-center\">If you are a fan of camping in a tent, caravan or motor home, settle down on a spacious pitch and take the time to recharge your batteries in a calm and green environment!<\/p>\n\n\n\n<p class=\"has-text-align-center\">All campers will enjoy the activities offered on the campground:  <a href=\"https:\/\/www.lesprairies.net\/en\/water-park\/\" data-type=\"page\" data-id=\"787\">indoor heated pool and paddling pool and outdoor pool with whirlpool<\/a>. A pleasant invitation to rest and leisure during your vacations at the Camping **** Les Prairies de l&#8217;Etang near La Baule, in the Gu\u00e9rande peninsula!<\/p>\n<\/div><\/div>\n<\/div><\/div>\n\n\n\n<ul class=\"pictos liste centre\"><li><i class=\"far fa-campground\"><\/i>  Discover our recent rentals<\/li><li><i class=\"far fa-leaf\"><\/i>  See our great locations<\/li><\/ul>\n\n\n\n<div class=\"wp-container-69f37f6ca058a wp-block-buttons\">\n<div class=\"wp-block-button is-style-fill\"><a class=\"wp-block-button__link\" href=\"https:\/\/www.lesprairies.net\/en\/mobile-home\/\">Rentals<\/a><\/div>\n\n\n\n<div class=\"wp-block-button is-style-outline\"><a class=\"wp-block-button__link\" href=\"https:\/\/www.lesprairies.net\/en\/locations\/\">Locations<\/a><\/div>\n<\/div>\n<\/div>\n\n\n\n<div class=\"wp-block-column\">\n<figure class=\"wp-block-gallery has-nested-images columns-1 is-cropped  deco--fleur_small gal--large\">\n<figure class=\"wp-block-image size-large\"><img width=\"1024\" height=\"787\" src=\"https:\/\/www.lesprairies.net\/wp-content\/uploads\/2023\/02\/00000876328-1-1024x787.jpg\" alt=\"\" class=\"wp-image-1450\" srcset=\"https:\/\/www.lesprairies.net\/wp-content\/uploads\/2023\/02\/00000876328-1-1024x787.jpg 1024w, https:\/\/www.lesprairies.net\/wp-content\/uploads\/2023\/02\/00000876328-1-300x230.jpg 300w, https:\/\/www.lesprairies.net\/wp-content\/uploads\/2023\/02\/00000876328-1-768x590.jpg 768w, https:\/\/www.lesprairies.net\/wp-content\/uploads\/2023\/02\/00000876328-1.jpg 1027w\" sizes=\"(max-width: 1024px) 100vw, 1024px\" \/><\/figure>\n\n\n\n<figure class=\"wp-block-image size-large deco--fleur_01\"><img width=\"1024\" height=\"650\" src=\"https:\/\/www.lesprairies.net\/wp-content\/uploads\/2023\/02\/photo-637792218999226613-2-1024x650.jpg\" alt=\"\" class=\"wp-image-1453\" srcset=\"https:\/\/www.lesprairies.net\/wp-content\/uploads\/2023\/02\/photo-637792218999226613-2-1024x650.jpg 1024w, https:\/\/www.lesprairies.net\/wp-content\/uploads\/2023\/02\/photo-637792218999226613-2-300x190.jpg 300w, https:\/\/www.lesprairies.net\/wp-content\/uploads\/2023\/02\/photo-637792218999226613-2-768x488.jpg 768w, https:\/\/www.lesprairies.net\/wp-content\/uploads\/2023\/02\/photo-637792218999226613-2.jpg 1260w\" sizes=\"(max-width: 1024px) 100vw, 1024px\" \/><\/figure>\n<\/figure>\n<\/div>\n<\/div>\n<\/div><\/div>\n\n\n\n<div class=\"wp-block-columns deco--vague reverse-mob\">\n<div class=\"wp-block-column\" style=\"flex-basis:55%\">\n<figure class=\"wp-block-gallery has-nested-images columns-2 is-cropped deco--fleur2 gal--detruct\">\n<figure class=\"wp-block-image size-large\"><img width=\"1024\" height=\"561\" src=\"https:\/\/www.lesprairies.net\/wp-content\/uploads\/2023\/02\/photo-637393273291460100-1-2-1024x561.jpg\" alt=\"\" class=\"wp-image-1467\" srcset=\"https:\/\/www.lesprairies.net\/wp-content\/uploads\/2023\/02\/photo-637393273291460100-1-2-1024x561.jpg 1024w, https:\/\/www.lesprairies.net\/wp-content\/uploads\/2023\/02\/photo-637393273291460100-1-2-300x164.jpg 300w, https:\/\/www.lesprairies.net\/wp-content\/uploads\/2023\/02\/photo-637393273291460100-1-2-768x421.jpg 768w, https:\/\/www.lesprairies.net\/wp-content\/uploads\/2023\/02\/photo-637393273291460100-1-2-1536x842.jpg 1536w, https:\/\/www.lesprairies.net\/wp-content\/uploads\/2023\/02\/photo-637393273291460100-1-2-2048x1122.jpg 2048w\" sizes=\"(max-width: 1024px) 100vw, 1024px\" \/><\/figure>\n\n\n\n<figure class=\"wp-block-image size-large is-style-default\"><img width=\"1024\" height=\"769\" src=\"https:\/\/www.lesprairies.net\/wp-content\/uploads\/2023\/02\/photo-637591986688414115-2-1-1024x769.jpg\" alt=\"\" class=\"wp-image-1470\" srcset=\"https:\/\/www.lesprairies.net\/wp-content\/uploads\/2023\/02\/photo-637591986688414115-2-1-1024x769.jpg 1024w, https:\/\/www.lesprairies.net\/wp-content\/uploads\/2023\/02\/photo-637591986688414115-2-1-300x225.jpg 300w, https:\/\/www.lesprairies.net\/wp-content\/uploads\/2023\/02\/photo-637591986688414115-2-1-768x577.jpg 768w, https:\/\/www.lesprairies.net\/wp-content\/uploads\/2023\/02\/photo-637591986688414115-2-1.jpg 1423w\" sizes=\"(max-width: 1024px) 100vw, 1024px\" \/><\/figure>\n\n\n\n<figure class=\"wp-block-image size-large deco--fleur_03\"><img width=\"1024\" height=\"655\" src=\"https:\/\/www.lesprairies.net\/wp-content\/uploads\/2023\/02\/photo-637383609091056286-1-1024x655.jpg\" alt=\"\" class=\"wp-image-1473\" srcset=\"https:\/\/www.lesprairies.net\/wp-content\/uploads\/2023\/02\/photo-637383609091056286-1-1024x655.jpg 1024w, https:\/\/www.lesprairies.net\/wp-content\/uploads\/2023\/02\/photo-637383609091056286-1-300x192.jpg 300w, https:\/\/www.lesprairies.net\/wp-content\/uploads\/2023\/02\/photo-637383609091056286-1-768x491.jpg 768w, https:\/\/www.lesprairies.net\/wp-content\/uploads\/2023\/02\/photo-637383609091056286-1-1536x982.jpg 1536w, https:\/\/www.lesprairies.net\/wp-content\/uploads\/2023\/02\/photo-637383609091056286-1-2048x1310.jpg 2048w\" sizes=\"(max-width: 1024px) 100vw, 1024px\" \/><\/figure>\n<\/figure>\n\n\n\n<div class=\"wp-container-69f37f6ca0c9d wp-block-buttons button-gallery\">\n<div class=\"wp-block-button is-style-fill\"><a class=\"wp-block-button__link\" href=\"https:\/\/www.lesprairies.net\/en\/gallery-medias\/?galerie=piscine\">In pictures<\/a><\/div>\n<\/div>\n<\/div>\n\n\n\n<div class=\"wp-block-column\">\n<p class=\"h3\">Relax in our pools<\/p>\n\n\n\n<p>Our aquatic area consists of an outdoor pool and a covered pool. The outdoor paddling pool with water games will delight the youngest.<\/p>\n\n\n\n<p>Want to relax? Take advantage of the balneo area, or the river against the current!<\/p>\n\n\n\n<ul class=\"pictos liste\"><li><i class=\"far fa-tint\"><\/i>  Pentagliss<\/li><li><i class=\"far fa-heat\"><\/i>  Wading pool<\/li><li><i class=\"far fa-sun\"><\/i>  Water games<\/li><\/ul>\n\n\n\n<div class=\"wp-container-69f37f6ca0fd9 wp-block-buttons\">\n<div class=\"wp-block-button is-style-outline\"><a class=\"wp-block-button__link\" href=\"https:\/\/www.lesprairies.net\/en\/water-park\/\">Discover the aquatic area<\/a><\/div>\n<\/div>\n<\/div>\n<\/div>\n\n\n\n<div class=\"wp-block-columns are-vertically-aligned-center deco--rect\">\n<div class=\"wp-block-column is-vertically-aligned-center\" style=\"flex-basis:37%\">\n<p class=\"has-text-align-center h4\">Take advantage of your vacation to decompress<\/p>\n\n\n\n<ul class=\"pictos centre liste scroll-mob col-2-mob\"><li><i class=\"far fa-heart\"><\/i>  Fitness area<\/li><li><i class=\"far fa-heat\"><\/i>  Balneo<\/li><li><i class=\"far fa-basketball-ball\"><\/i>  Sports field<\/li><li><i class=\"far fa-water\"><\/i>  Pond<\/li><li><i class=\"far fa-trees\"><\/i>  Nature<\/li><\/ul>\n\n\n\n<p class=\"has-text-align-center\">Central site to visit the <a href=\"https:\/\/www.lesprairies.net\/en\/surroundings\/\" data-type=\"page\" data-id=\"793\">Loire-Atlantique, Morbihan and Ile et Vilaine<\/a>, our campsite is your pied \u00e0 terre to recharge your batteries thanks to the leisure activities and services at your disposal<\/p>\n\n\n\n<div class=\"wp-container-69f37f6ca1326 wp-block-buttons\">\n<div class=\"wp-block-button is-style-outline\"><a class=\"wp-block-button__link\" href=\"https:\/\/www.lesprairies.net\/en\/leisure\/\">Discovering leisure activities<\/a><\/div>\n<\/div>\n<\/div>\n\n\n\n<div class=\"wp-block-column is-vertically-aligned-center\">\n<p class=\"has-text-align-center h1 deco--souligne\">Nature and well-being vacations<\/p>\n\n\n\n<figure class=\"wp-block-gallery has-nested-images columns-default is-cropped diaporama--2 gal--decale\">\n<figure class=\"wp-block-image size-large\"><img width=\"1024\" height=\"806\" src=\"https:\/\/www.lesprairies.net\/wp-content\/uploads\/2023\/02\/image-3-1024x806.jpg\" alt=\"\" class=\"wp-image-1476\" srcset=\"https:\/\/www.lesprairies.net\/wp-content\/uploads\/2023\/02\/image-3-1024x806.jpg 1024w, https:\/\/www.lesprairies.net\/wp-content\/uploads\/2023\/02\/image-3-300x236.jpg 300w, https:\/\/www.lesprairies.net\/wp-content\/uploads\/2023\/02\/image-3-768x604.jpg 768w, https:\/\/www.lesprairies.net\/wp-content\/uploads\/2023\/02\/image-3-1536x1208.jpg 1536w, https:\/\/www.lesprairies.net\/wp-content\/uploads\/2023\/02\/image-3.jpg 1660w\" sizes=\"(max-width: 1024px) 100vw, 1024px\" \/><\/figure>\n\n\n\n<figure class=\"wp-block-image size-large is-style-default\"><img width=\"1024\" height=\"806\" src=\"https:\/\/www.lesprairies.net\/wp-content\/uploads\/2023\/02\/image-1-1024x806.jpg\" alt=\"\" class=\"wp-image-1479\" srcset=\"https:\/\/www.lesprairies.net\/wp-content\/uploads\/2023\/02\/image-1-1024x806.jpg 1024w, https:\/\/www.lesprairies.net\/wp-content\/uploads\/2023\/02\/image-1-300x236.jpg 300w, https:\/\/www.lesprairies.net\/wp-content\/uploads\/2023\/02\/image-1-768x604.jpg 768w, https:\/\/www.lesprairies.net\/wp-content\/uploads\/2023\/02\/image-1-1536x1208.jpg 1536w, https:\/\/www.lesprairies.net\/wp-content\/uploads\/2023\/02\/image-1.jpg 1660w\" sizes=\"(max-width: 1024px) 100vw, 1024px\" \/><\/figure>\n\n\n\n<figure class=\"wp-block-image size-large\"><img width=\"1024\" height=\"806\" src=\"https:\/\/www.lesprairies.net\/wp-content\/uploads\/2023\/02\/photo-637383609201815648-1-1024x806.jpg\" alt=\"\" class=\"wp-image-1482\" srcset=\"https:\/\/www.lesprairies.net\/wp-content\/uploads\/2023\/02\/photo-637383609201815648-1-1024x806.jpg 1024w, https:\/\/www.lesprairies.net\/wp-content\/uploads\/2023\/02\/photo-637383609201815648-1-300x236.jpg 300w, https:\/\/www.lesprairies.net\/wp-content\/uploads\/2023\/02\/photo-637383609201815648-1-768x604.jpg 768w, https:\/\/www.lesprairies.net\/wp-content\/uploads\/2023\/02\/photo-637383609201815648-1-1536x1208.jpg 1536w, https:\/\/www.lesprairies.net\/wp-content\/uploads\/2023\/02\/photo-637383609201815648-1.jpg 1660w\" sizes=\"(max-width: 1024px) 100vw, 1024px\" \/><\/figure>\n\n\n\n<figure class=\"wp-block-image size-large\"><img width=\"1199\" height=\"800\" src=\"https:\/\/www.lesprairies.net\/wp-content\/uploads\/2023\/02\/photo-637393278526385291-1.jpg\" alt=\"\" class=\"wp-image-1109\" srcset=\"https:\/\/www.lesprairies.net\/wp-content\/uploads\/2023\/02\/photo-637393278526385291-1.jpg 1199w, https:\/\/www.lesprairies.net\/wp-content\/uploads\/2023\/02\/photo-637393278526385291-1-300x200.jpg 300w, https:\/\/www.lesprairies.net\/wp-content\/uploads\/2023\/02\/photo-637393278526385291-1-1024x683.jpg 1024w, https:\/\/www.lesprairies.net\/wp-content\/uploads\/2023\/02\/photo-637393278526385291-1-768x512.jpg 768w\" sizes=\"(max-width: 1199px) 100vw, 1199px\" \/><\/figure>\n\n\n\n<figure class=\"wp-block-image size-large\"><img width=\"1200\" height=\"800\" src=\"https:\/\/www.lesprairies.net\/wp-content\/uploads\/2023\/02\/photo-637393278575125847-1.jpg\" alt=\"\" class=\"wp-image-1115\" srcset=\"https:\/\/www.lesprairies.net\/wp-content\/uploads\/2023\/02\/photo-637393278575125847-1.jpg 1200w, https:\/\/www.lesprairies.net\/wp-content\/uploads\/2023\/02\/photo-637393278575125847-1-300x200.jpg 300w, https:\/\/www.lesprairies.net\/wp-content\/uploads\/2023\/02\/photo-637393278575125847-1-1024x683.jpg 1024w, https:\/\/www.lesprairies.net\/wp-content\/uploads\/2023\/02\/photo-637393278575125847-1-768x512.jpg 768w\" sizes=\"(max-width: 1200px) 100vw, 1200px\" \/><\/figure>\n\n\n\n<figure class=\"wp-block-image size-large\"><img width=\"1204\" height=\"800\" src=\"https:\/\/www.lesprairies.net\/wp-content\/uploads\/2023\/02\/photo-637393275764887863-1.jpg\" alt=\"\" class=\"wp-image-1118\" srcset=\"https:\/\/www.lesprairies.net\/wp-content\/uploads\/2023\/02\/photo-637393275764887863-1.jpg 1204w, https:\/\/www.lesprairies.net\/wp-content\/uploads\/2023\/02\/photo-637393275764887863-1-300x199.jpg 300w, https:\/\/www.lesprairies.net\/wp-content\/uploads\/2023\/02\/photo-637393275764887863-1-1024x680.jpg 1024w, https:\/\/www.lesprairies.net\/wp-content\/uploads\/2023\/02\/photo-637393275764887863-1-768x510.jpg 768w\" sizes=\"(max-width: 1204px) 100vw, 1204px\" \/><\/figure>\n<\/figure>\n<\/div>\n<\/div>\n\n\n\n<div class=\"wp-container-69f37f6ca1b12 wp-block-group P-05\"><div class=\"wp-block-group__inner-container\">\n<div class=\"wp-block-cover\"><span aria-hidden=\"true\" class=\"wp-block-cover__gradient-background has-background-dim\"><\/span><img width=\"1604\" height=\"800\" class=\"wp-block-cover__image-background wp-image-835\" alt=\"\" src=\"https:\/\/www.lesprairies.net\/wp-content\/uploads\/2023\/02\/photo-635533794197081092-1.jpg\" style=\"object-position:51% 14%\" data-object-fit=\"cover\" data-object-position=\"51% 14%\" srcset=\"https:\/\/www.lesprairies.net\/wp-content\/uploads\/2023\/02\/photo-635533794197081092-1.jpg 1604w, https:\/\/www.lesprairies.net\/wp-content\/uploads\/2023\/02\/photo-635533794197081092-1-300x150.jpg 300w, https:\/\/www.lesprairies.net\/wp-content\/uploads\/2023\/02\/photo-635533794197081092-1-1024x511.jpg 1024w, https:\/\/www.lesprairies.net\/wp-content\/uploads\/2023\/02\/photo-635533794197081092-1-768x383.jpg 768w, https:\/\/www.lesprairies.net\/wp-content\/uploads\/2023\/02\/photo-635533794197081092-1-1536x766.jpg 1536w\" sizes=\"(max-width: 1604px) 100vw, 1604px\" \/><div class=\"wp-block-cover__inner-container\">\n<p class=\"has-text-align-center has-large-font-size\"><\/p>\n<\/div><\/div>\n\n\n\n<div class=\"wp-block-columns reverse-mob\">\n<div class=\"wp-block-column\">\n<figure class=\"wp-block-gallery has-nested-images columns-2 is-cropped\">\n<figure class=\"wp-block-image size-full\"><img width=\"494\" height=\"508\" src=\"https:\/\/www.lesprairies.net\/wp-content\/uploads\/2023\/02\/hp_gallery_alentours_01.jpg\" alt=\"\" class=\"wp-image-593\" srcset=\"https:\/\/www.lesprairies.net\/wp-content\/uploads\/2023\/02\/hp_gallery_alentours_01.jpg 494w, https:\/\/www.lesprairies.net\/wp-content\/uploads\/2023\/02\/hp_gallery_alentours_01-292x300.jpg 292w\" sizes=\"(max-width: 494px) 100vw, 494px\" \/><\/figure>\n\n\n\n<figure class=\"wp-block-image size-full\"><img width=\"830\" height=\"1021\" src=\"https:\/\/www.lesprairies.net\/wp-content\/uploads\/2023\/02\/annie-spratt-kr_88BakygA-unsplash-1.jpg\" alt=\"\" class=\"wp-image-1489\" srcset=\"https:\/\/www.lesprairies.net\/wp-content\/uploads\/2023\/02\/annie-spratt-kr_88BakygA-unsplash-1.jpg 830w, https:\/\/www.lesprairies.net\/wp-content\/uploads\/2023\/02\/annie-spratt-kr_88BakygA-unsplash-1-244x300.jpg 244w, https:\/\/www.lesprairies.net\/wp-content\/uploads\/2023\/02\/annie-spratt-kr_88BakygA-unsplash-1-768x945.jpg 768w\" sizes=\"(max-width: 830px) 100vw, 830px\" \/><\/figure>\n\n\n\n<figure class=\"wp-block-image size-large is-style-default\"><img width=\"1024\" height=\"655\" src=\"https:\/\/www.lesprairies.net\/wp-content\/uploads\/2023\/02\/photo-634649804796798143-1-1-1024x655.jpg\" alt=\"\" class=\"wp-image-1486\" srcset=\"https:\/\/www.lesprairies.net\/wp-content\/uploads\/2023\/02\/photo-634649804796798143-1-1-1024x655.jpg 1024w, https:\/\/www.lesprairies.net\/wp-content\/uploads\/2023\/02\/photo-634649804796798143-1-1-300x192.jpg 300w, https:\/\/www.lesprairies.net\/wp-content\/uploads\/2023\/02\/photo-634649804796798143-1-1-768x491.jpg 768w, https:\/\/www.lesprairies.net\/wp-content\/uploads\/2023\/02\/photo-634649804796798143-1-1.jpg 1027w\" sizes=\"(max-width: 1024px) 100vw, 1024px\" \/><\/figure>\n<\/figure>\n<\/div>\n\n\n\n<div class=\"wp-block-column deco--fleur_big\" style=\"flex-basis:50%\">\n<p class=\"h1\">A perfect place, close to everything<\/p>\n\n\n\n<h2 class=\"h5\" id=\"a-deux-pas-de-la-mer\">From the campsite, discover the Gu\u00e9rande peninsula: from La Baule to P\u00e9nestin!<\/h2>\n\n\n\n<p>The tourist destination &#8220;Bretagne Plein Sud, La Baule &#8211; Presqu&#8217;\u00eele de Gu\u00e9rande&#8221; offers a wide range of leisure activities: visit of the salt marshes, barge or carriage rides in the Bri\u00e8re Regional Natural Park, hikes on the C\u00f4te sauvage, discovery of the fortified town of Gu\u00e9rande with its ramparts and small towns of character such as Piriac-sur-Mer, Le Croisic, La Roche-Bernard, escapade in La Baule or Le Pouliguen, stroll on the fishing ports of Piriac-sur-Mer, La Turballe or Batz-sur-Mer, day trip to the Oc\u00e9arium of Le Croisic&#8230;<\/p>\n\n\n\n<p>Here is all that your next vacations in La Baule-Presqu&#8217;\u00eele de Gu\u00e9rande, between Loire Atlantique and South Brittany, have in store for you!<\/p>\n\n\n\n<div class=\"wp-container-69f37f6ca1853 wp-block-buttons\">\n<div class=\"wp-block-button is-style-outline\"><a class=\"wp-block-button__link\" href=\"https:\/\/www.lesprairies.net\/en\/surroundings\/\">Discover the surroundings<\/a><\/div>\n<\/div>\n<\/div>\n<\/div>\n<\/div><\/div>\n","protected":false},"excerpt":{"rendered":"<p>Le Camping**** Les Prairies de l&#8217;Etang | Holidays near Gu\u00e9rande A stone&#8217;s throw from the sea Large spaces Comfort Calm Ideally located between the sea and the countryside, less than 20 minutes from La Baule and Gu\u00e9rande, the campsite **** les Prairies de l&#8217;\u00e9tang, offers you a very natural vacation 5 minutes from the beach [&hellip;]<\/p>\n","protected":false},"author":1,"featured_media":0,"parent":0,"menu_order":0,"comment_status":"closed","ping_status":"closed","template":"","meta":[],"acf":[],"_links":{"self":[{"href":"https:\/\/www.lesprairies.net\/en\/wp-json\/wp\/v2\/pages\/1619"}],"collection":[{"href":"https:\/\/www.lesprairies.net\/en\/wp-json\/wp\/v2\/pages"}],"about":[{"href":"https:\/\/www.lesprairies.net\/en\/wp-json\/wp\/v2\/types\/page"}],"author":[{"embeddable":true,"href":"https:\/\/www.lesprairies.net\/en\/wp-json\/wp\/v2\/users\/1"}],"replies":[{"embeddable":true,"href":"https:\/\/www.lesprairies.net\/en\/wp-json\/wp\/v2\/comments?post=1619"}],"version-history":[{"count":4,"href":"https:\/\/www.lesprairies.net\/en\/wp-json\/wp\/v2\/pages\/1619\/revisions"}],"predecessor-version":[{"id":2163,"href":"https:\/\/www.lesprairies.net\/en\/wp-json\/wp\/v2\/pages\/1619\/revisions\/2163"}],"wp:attachment":[{"href":"https:\/\/www.lesprairies.net\/en\/wp-json\/wp\/v2\/media?parent=1619"}],"curies":[{"name":"wp","href":"https:\/\/api.w.org\/{rel}","templated":true}]}}