{"id":1641,"date":"2023-03-14T16:01:59","date_gmt":"2023-03-14T15:01:59","guid":{"rendered":"https:\/\/www.lesprairies.net\/locations\/"},"modified":"2025-03-18T12:39:03","modified_gmt":"2025-03-18T11:39:03","slug":"locations","status":"publish","type":"page","link":"https:\/\/www.lesprairies.net\/en\/locations\/","title":{"rendered":"Locations"},"content":{"rendered":"\n<div class=\"wp-block-cover pe-00_banner\"><span aria-hidden=\"true\" class=\"wp-block-cover__gradient-background has-background-dim\"><\/span><img width=\"1204\" height=\"800\" class=\"wp-block-cover__image-background wp-image-1012\" alt=\"\" src=\"https:\/\/www.lesprairies.net\/wp-content\/uploads\/2023\/02\/photo-637393271254822015-1.jpg\" style=\"object-position:53% 100%\" data-object-fit=\"cover\" data-object-position=\"53% 100%\" srcset=\"https:\/\/www.lesprairies.net\/wp-content\/uploads\/2023\/02\/photo-637393271254822015-1.jpg 1204w, https:\/\/www.lesprairies.net\/wp-content\/uploads\/2023\/02\/photo-637393271254822015-1-300x199.jpg 300w, https:\/\/www.lesprairies.net\/wp-content\/uploads\/2023\/02\/photo-637393271254822015-1-1024x680.jpg 1024w, https:\/\/www.lesprairies.net\/wp-content\/uploads\/2023\/02\/photo-637393271254822015-1-768x510.jpg 768w\" sizes=\"(max-width: 1204px) 100vw, 1204px\" \/><div class=\"wp-block-cover__inner-container\">\n<p class=\"has-text-align-center has-large-font-size\"><\/p>\n<\/div><\/div>\n\n\n\n<div class=\"wp-block-columns reverse-mob has-beige-clair-background-color has-background\">\n<div class=\"wp-block-column\">\n<figure class=\"wp-block-gallery has-nested-images columns-2 is-cropped gal--detruct deco--fleur2\">\n<figure class=\"wp-block-image size-large\"><img width=\"1024\" height=\"680\" src=\"https:\/\/www.lesprairies.net\/wp-content\/uploads\/2023\/02\/photo-637393271330901411-1-1024x680.jpg\" alt=\"\" class=\"wp-image-1016\" srcset=\"https:\/\/www.lesprairies.net\/wp-content\/uploads\/2023\/02\/photo-637393271330901411-1-1024x680.jpg 1024w, https:\/\/www.lesprairies.net\/wp-content\/uploads\/2023\/02\/photo-637393271330901411-1-300x199.jpg 300w, https:\/\/www.lesprairies.net\/wp-content\/uploads\/2023\/02\/photo-637393271330901411-1-768x510.jpg 768w, https:\/\/www.lesprairies.net\/wp-content\/uploads\/2023\/02\/photo-637393271330901411-1.jpg 1204w\" sizes=\"(max-width: 1024px) 100vw, 1024px\" \/><\/figure>\n\n\n\n<figure class=\"wp-block-image size-large\"><img width=\"600\" height=\"800\" src=\"https:\/\/www.lesprairies.net\/wp-content\/uploads\/2023\/02\/photo-637393271979681928-1.jpg\" alt=\"\" class=\"wp-image-1015\" srcset=\"https:\/\/www.lesprairies.net\/wp-content\/uploads\/2023\/02\/photo-637393271979681928-1.jpg 600w, https:\/\/www.lesprairies.net\/wp-content\/uploads\/2023\/02\/photo-637393271979681928-1-225x300.jpg 225w\" sizes=\"(max-width: 600px) 100vw, 600px\" \/><\/figure>\n\n\n\n<figure class=\"wp-block-image size-large\"><img width=\"800\" height=\"600\" src=\"https:\/\/www.lesprairies.net\/wp-content\/uploads\/2023\/02\/00000169503.webp\" alt=\"\" class=\"wp-image-1045\" srcset=\"https:\/\/www.lesprairies.net\/wp-content\/uploads\/2023\/02\/00000169503.webp 800w, https:\/\/www.lesprairies.net\/wp-content\/uploads\/2023\/02\/00000169503-300x225.webp 300w, https:\/\/www.lesprairies.net\/wp-content\/uploads\/2023\/02\/00000169503-768x576.webp 768w\" sizes=\"(max-width: 800px) 100vw, 800px\" \/><\/figure>\n<\/figure>\n<\/div>\n\n\n\n<div class=\"wp-block-column\">\n<h1 class=\"h2\" id=\"les-emplacements-de-camping-span-text-caravaning-pres-de-guerande-class-h6\">Camping pitches  <span class=\"fc-span h6\">Caravanning near Gu\u00e9rande<\/span><\/h1>\n\n\n\n<p>Camping **** Les Prairies de l&#8217;Etang welcomes campers, caravans and motor homes less than 20 minutes from La Baule and Gu\u00e9rande and <strong>5 minutes by car from the beach<\/strong>, from 6 April to 30 September.<\/p>\n\n\n\n<div class=\"wp-block-group lire-plus-mobile\"><div class=\"wp-block-group__inner-container\">\n<p>Read more<\/p>\n\n\n\n<div class=\"wp-container-69e1deebe0227 wp-block-group\"><div class=\"wp-block-group__inner-container\">\n<p>Spacious and delimited by small hedges (according to the plots), each of the <strong>42<\/strong> camping <strong>sites<\/strong> extends over 100 to 150 m\u00b2 in a <strong>green park planted with<\/strong> poplars, oaks and laurels. Maximum 6 pers\/place.<\/p>\n\n\n\n<p>Near each site, 10A power points and water points are available.<\/p>\n<\/div><\/div>\n<\/div><\/div>\n\n\n\n<div class=\"wp-container-69e1deebe0529 wp-block-buttons\">\n<div class=\"wp-block-button btn_resa_empl\"><a class=\"wp-block-button__link\">Reserve a site<\/a><\/div>\n<\/div>\n<\/div>\n<\/div>\n\n\n\n<div class=\"wp-container-69e1deebe0c79 wp-block-group deco--vague\"><div class=\"wp-block-group__inner-container\">\n<div class=\"wp-block-columns\">\n<div class=\"wp-block-column order-mob\">\n<figure class=\"wp-block-gallery has-nested-images columns-1 is-cropped gal--large\">\n<figure class=\"wp-block-image size-large\"><img width=\"1024\" height=\"768\" src=\"https:\/\/www.lesprairies.net\/wp-content\/uploads\/2023\/02\/00000335242-1024x768.webp\" alt=\"\" class=\"wp-image-1054\" srcset=\"https:\/\/www.lesprairies.net\/wp-content\/uploads\/2023\/02\/00000335242-1024x768.webp 1024w, https:\/\/www.lesprairies.net\/wp-content\/uploads\/2023\/02\/00000335242-300x225.webp 300w, https:\/\/www.lesprairies.net\/wp-content\/uploads\/2023\/02\/00000335242-768x576.webp 768w, https:\/\/www.lesprairies.net\/wp-content\/uploads\/2023\/02\/00000335242.webp 1176w\" sizes=\"(max-width: 1024px) 100vw, 1024px\" \/><\/figure>\n\n\n\n<figure class=\"wp-block-image size-large\"><img width=\"1024\" height=\"768\" src=\"https:\/\/www.lesprairies.net\/wp-content\/uploads\/2023\/02\/00000528784-1024x768.webp\" alt=\"\" class=\"wp-image-1048\" srcset=\"https:\/\/www.lesprairies.net\/wp-content\/uploads\/2023\/02\/00000528784-1024x768.webp 1024w, https:\/\/www.lesprairies.net\/wp-content\/uploads\/2023\/02\/00000528784-300x225.webp 300w, https:\/\/www.lesprairies.net\/wp-content\/uploads\/2023\/02\/00000528784-768x576.webp 768w, https:\/\/www.lesprairies.net\/wp-content\/uploads\/2023\/02\/00000528784.webp 1176w\" sizes=\"(max-width: 1024px) 100vw, 1024px\" \/><\/figure>\n<\/figure>\n<\/div>\n\n\n\n<div class=\"wp-block-column\" style=\"flex-basis:40%\">\n<h2 class=\"has-text-align-center\" id=\"les-sanitaires-sur-le-camping\">The sanitary facilities on the campsite :<\/h2>\n\n\n\n<p class=\"has-text-align-center\"><strong> Motorhomes <\/strong>will be able to empty their waste water tank into a chemical toilet and refill with drinking water.<\/p>\n\n\n\n<ul class=\"pictos centre col-4 scroll-mob\"><li><i class=\"far fa-shower\"><\/i>  Bathroom <em>with individual cabin equipped with a shower, washbasin<\/em><\/li><li><i class=\"far fa-toilet\"><\/i>  Sanitary facilities accessible <em>to the disabled (P.M.R.)<\/em><\/li><li><i class=\"far fa-sink\"><\/i> <em>Child-friendly<\/em> sink and toilet<\/li><li><i class=\"far fa-washing-machine\"><\/i>  Washing machine and dryer <em>available (tokens at the reception 5 \u20ac) &#8211; Loan of iron<\/em><\/li><li><i class=\"far fa-dryer-heat\"><\/i>  Dishwasher <em>at your disposal and free of charge<\/em><\/li><li><i class=\"far fa-heat\"><\/i>  Hair dryer and hand dryer <em>available in the sanitary block<\/em><\/li><li><i class=\"far fa-baby\"><\/i>  For families: <em>large baby area with changing table and baby bathtub (high chair and baby bed extra)<\/em><\/li><\/ul>\n\n\n\n<div class=\"wp-container-69e1deebe091f wp-block-buttons\">\n<div class=\"wp-block-button is-style-outline\"><a class=\"wp-block-button__link\" href=\"https:\/\/www.lesprairies.net\/en\/leisure\/\">Discovering leisure activities<\/a><\/div>\n\n\n\n<div class=\"wp-block-button is-style-fill\"><a class=\"wp-block-button__link\" href=\"https:\/\/www.lesprairies.net\/en\/gallery-medias\/?galerie=emplacements\">In pictures<\/a><\/div>\n<\/div>\n<\/div>\n\n\n\n<div class=\"wp-block-column\">\n<figure class=\"wp-block-gallery has-nested-images columns-1 is-cropped deco--fleur_small gal--large\">\n<figure class=\"wp-block-image size-large\"><img width=\"1024\" height=\"768\" src=\"https:\/\/www.lesprairies.net\/wp-content\/uploads\/2023\/02\/00000528785-1024x768.webp\" alt=\"\" class=\"wp-image-1050\" srcset=\"https:\/\/www.lesprairies.net\/wp-content\/uploads\/2023\/02\/00000528785-1024x768.webp 1024w, https:\/\/www.lesprairies.net\/wp-content\/uploads\/2023\/02\/00000528785-300x225.webp 300w, https:\/\/www.lesprairies.net\/wp-content\/uploads\/2023\/02\/00000528785-768x576.webp 768w, https:\/\/www.lesprairies.net\/wp-content\/uploads\/2023\/02\/00000528785.webp 1176w\" sizes=\"(max-width: 1024px) 100vw, 1024px\" \/><\/figure>\n\n\n\n<figure class=\"wp-block-image size-large\"><img width=\"768\" height=\"1024\" src=\"https:\/\/www.lesprairies.net\/wp-content\/uploads\/2023\/02\/00000633701-768x1024.webp\" alt=\"\" class=\"wp-image-1056\" srcset=\"https:\/\/www.lesprairies.net\/wp-content\/uploads\/2023\/02\/00000633701-768x1024.webp 768w, https:\/\/www.lesprairies.net\/wp-content\/uploads\/2023\/02\/00000633701-225x300.webp 225w, https:\/\/www.lesprairies.net\/wp-content\/uploads\/2023\/02\/00000633701-1152x1536.webp 1152w, https:\/\/www.lesprairies.net\/wp-content\/uploads\/2023\/02\/00000633701.webp 1176w\" sizes=\"(max-width: 768px) 100vw, 768px\" \/><\/figure>\n<\/figure>\n<\/div>\n<\/div>\n<\/div><\/div>\n\n\n\n<div class=\"wp-block-columns\">\n<div class=\"wp-block-column\" style=\"flex-basis:41%\">\n<h2 class=\"h5\" id=\"activities-at-the-campsite-near-guerande\">Activities at the campsite near Gu\u00e9rande<\/h2>\n\n\n\n<p>From your campsite pitch or <a href=\"https:\/\/www.lesprairies.net\/en\/mobile-home\/\" data-type=\"page\" data-id=\"1665\">mobile home<\/a>, you can enjoy <a href=\"https:\/\/www.lesprairies.net\/en\/water-park\/\" data-type=\"URL\" data-id=\"https:\/\/www.lesprairies.net\/en\/water-park\/\">the pool area, with its indoor pool and outdoor pool<\/a> with 2 slides. Your children can cool off in the paddling pool equipped with water games. The area is equipped with deckchairs and parasols for added comfort.<\/p>\n\n\n\n<p>The campsite also has <a href=\"https:\/\/www.lesprairies.net\/en\/leisure\/\" data-type=\"URL\" data-id=\"https:\/\/www.lesprairies.net\/en\/leisure\/\">several leisure area<\/a>s for young and old. Children aged between 2 and 12 can have fun in complete safety on the play area, equipped with swings and slides. Sports enthusiasts will love the basketball court, petanque pitch and outdoor fitness equipment.<\/p>\n\n\n\n<h2 class=\"h5\" id=\"enjoy-the-seaside-in-loire-atlantique\">Enjoy the seaside in Loire-Atlantique<\/h2>\n\n\n\n<p>Between 5 and 10 minutes&#8217; drive from the<a href=\"https:\/\/www.lesprairies.net\/en\/\" data-type=\"page\" data-id=\"1619\"> Loire-Atlantique campsite<\/a>, several beaches are available: Pen-B\u00e9, Pont-Mah\u00e9 and P\u00e9nestin, with free parking.<\/p>\n\n\n\n<div class=\"wp-container-69e1deebe1002 wp-block-buttons button-gallery\">\n<div class=\"wp-block-button is-style-fill\"><a class=\"wp-block-button__link\" href=\"https:\/\/www.lesprairies.net\/en\/surroundings\/\" target=\"_blank\" rel=\"noreferrer noopener\">See the surrounding area<\/a><\/div>\n<\/div>\n<\/div>\n\n\n\n<div class=\"wp-block-column\">\n<figure class=\"wp-block-gallery has-nested-images columns-default is-cropped gal--row\">\n<figure class=\"wp-block-image size-large\"><img width=\"779\" height=\"1024\" src=\"https:\/\/www.lesprairies.net\/wp-content\/uploads\/2023\/02\/photo-637383608250906343-1-779x1024.jpg\" alt=\"camping avec piscine gu\u00e9rande loire atlantique\" class=\"wp-image-1460\" srcset=\"https:\/\/www.lesprairies.net\/wp-content\/uploads\/2023\/02\/photo-637383608250906343-1-779x1024.jpg 779w, https:\/\/www.lesprairies.net\/wp-content\/uploads\/2023\/02\/photo-637383608250906343-1-228x300.jpg 228w, https:\/\/www.lesprairies.net\/wp-content\/uploads\/2023\/02\/photo-637383608250906343-1-768x1010.jpg 768w, https:\/\/www.lesprairies.net\/wp-content\/uploads\/2023\/02\/photo-637383608250906343-1.jpg 930w\" sizes=\"(max-width: 779px) 100vw, 779px\" \/><\/figure>\n\n\n\n<figure class=\"wp-block-image size-large\"><img width=\"1423\" height=\"1069\" src=\"https:\/\/www.lesprairies.net\/wp-content\/uploads\/2023\/02\/photo-637591986688414115-2-1.jpg\" alt=\"piscine avec toboggans guerance\" class=\"wp-image-1470\" srcset=\"https:\/\/www.lesprairies.net\/wp-content\/uploads\/2023\/02\/photo-637591986688414115-2-1.jpg 1423w, https:\/\/www.lesprairies.net\/wp-content\/uploads\/2023\/02\/photo-637591986688414115-2-1-300x225.jpg 300w, https:\/\/www.lesprairies.net\/wp-content\/uploads\/2023\/02\/photo-637591986688414115-2-1-1024x769.jpg 1024w, https:\/\/www.lesprairies.net\/wp-content\/uploads\/2023\/02\/photo-637591986688414115-2-1-768x577.jpg 768w\" sizes=\"(max-width: 1423px) 100vw, 1423px\" \/><\/figure>\n\n\n\n<figure class=\"wp-block-image size-large\"><img width=\"1199\" height=\"800\" src=\"https:\/\/www.lesprairies.net\/wp-content\/uploads\/2023\/02\/photo-637393278526385291-1.jpg\" alt=\"\" class=\"wp-image-1109\" srcset=\"https:\/\/www.lesprairies.net\/wp-content\/uploads\/2023\/02\/photo-637393278526385291-1.jpg 1199w, https:\/\/www.lesprairies.net\/wp-content\/uploads\/2023\/02\/photo-637393278526385291-1-300x200.jpg 300w, https:\/\/www.lesprairies.net\/wp-content\/uploads\/2023\/02\/photo-637393278526385291-1-1024x683.jpg 1024w, https:\/\/www.lesprairies.net\/wp-content\/uploads\/2023\/02\/photo-637393278526385291-1-768x512.jpg 768w\" sizes=\"(max-width: 1199px) 100vw, 1199px\" \/><\/figure>\n\n\n\n<figure class=\"wp-block-image size-large\"><img width=\"1199\" height=\"800\" src=\"https:\/\/www.lesprairies.net\/wp-content\/uploads\/2023\/02\/photo-637903899444031067-2.jpg\" alt=\"camping avec aire de jeux guerande\" class=\"wp-image-1121\" srcset=\"https:\/\/www.lesprairies.net\/wp-content\/uploads\/2023\/02\/photo-637903899444031067-2.jpg 1199w, https:\/\/www.lesprairies.net\/wp-content\/uploads\/2023\/02\/photo-637903899444031067-2-300x200.jpg 300w, https:\/\/www.lesprairies.net\/wp-content\/uploads\/2023\/02\/photo-637903899444031067-2-1024x683.jpg 1024w, https:\/\/www.lesprairies.net\/wp-content\/uploads\/2023\/02\/photo-637903899444031067-2-768x512.jpg 768w\" sizes=\"(max-width: 1199px) 100vw, 1199px\" \/><\/figure>\n<\/figure>\n\n\n\n<div class=\"wp-container-69e1deebe13a2 wp-block-buttons button-gallery\">\n<div class=\"wp-block-button is-style-fill\"><a class=\"wp-block-button__link\" href=\"https:\/\/www.lesprairies.net\/en\/gallery-medias\/\">In pictures<\/a><\/div>\n<\/div>\n<\/div>\n<\/div>\n","protected":false},"excerpt":{"rendered":"<p>Camping pitches Camping **** Les Prairies de l&#8217;Etang welcomes campers, caravans and motor homes less than 20 minutes from La Baule and Gu\u00e9rande and 5 minutes by car from the beach, from 6 April to 30 September. The sanitary facilities on the campsite : Motorhomes will be able to empty their waste water tank into [&hellip;]<\/p>\n","protected":false},"author":1,"featured_media":0,"parent":0,"menu_order":0,"comment_status":"closed","ping_status":"closed","template":"","meta":[],"acf":[],"_links":{"self":[{"href":"https:\/\/www.lesprairies.net\/en\/wp-json\/wp\/v2\/pages\/1641"}],"collection":[{"href":"https:\/\/www.lesprairies.net\/en\/wp-json\/wp\/v2\/pages"}],"about":[{"href":"https:\/\/www.lesprairies.net\/en\/wp-json\/wp\/v2\/types\/page"}],"author":[{"embeddable":true,"href":"https:\/\/www.lesprairies.net\/en\/wp-json\/wp\/v2\/users\/1"}],"replies":[{"embeddable":true,"href":"https:\/\/www.lesprairies.net\/en\/wp-json\/wp\/v2\/comments?post=1641"}],"version-history":[{"count":5,"href":"https:\/\/www.lesprairies.net\/en\/wp-json\/wp\/v2\/pages\/1641\/revisions"}],"predecessor-version":[{"id":2292,"href":"https:\/\/www.lesprairies.net\/en\/wp-json\/wp\/v2\/pages\/1641\/revisions\/2292"}],"wp:attachment":[{"href":"https:\/\/www.lesprairies.net\/en\/wp-json\/wp\/v2\/media?parent=1641"}],"curies":[{"name":"wp","href":"https:\/\/api.w.org\/{rel}","templated":true}]}}