{"id":1689,"date":"2023-03-14T16:08:42","date_gmt":"2023-03-14T15:08:42","guid":{"rendered":"https:\/\/www.lesprairies.net\/activities-and-leisure-a-asserac-and-around\/"},"modified":"2023-03-14T16:08:44","modified_gmt":"2023-03-14T15:08:44","slug":"activities-and-leisure-a-asserac-and-around","status":"publish","type":"page","link":"https:\/\/www.lesprairies.net\/en\/activities-and-leisure-a-asserac-and-around\/","title":{"rendered":"SEO &#8211; Activities and Leisure in and around Ass\u00e9rac"},"content":{"rendered":"\n<div class=\"wp-container-69e245ef1c059 wp-block-group deco--vague deco--fleur2\"><div class=\"wp-block-group__inner-container\">\n<h1 class=\"has-text-align-center\" id=\"activites-et-loisirs-a-asserac-span-text-et-aux-alentours-class-h6\">Activities and Leisure in Ass\u00e9rac  <span class=\"fc-span h6\">and around<\/span><\/h1>\n\n\n\n<p class=\"has-text-align-center\">From the Campsite **** Les Prairies de l&#8217;Etang in Ass\u00e9rac, discover Southern Brittany and the Loire-Atlantique region and enjoy the wide variety of landscapes and activities.<\/p>\n\n\n\n<p class=\"has-text-align-center\">Seaside lovers will be delighted by the multitude of beaches and the variety of the coastline: relax on the beaches of Ass\u00e9rac such as those of Pen-B\u00e9 and the bay of Pont-Mah\u00e9 very appreciated by the amateurs of the sports of glide&#8230; located at 5 minutes of the camp-site by car or 15 minutes by bicycle by the ways. Take advantage of the seaside resort of la Baule (25 mn), le Croisic (30 mn), Batz-sur-mer (30 mn), P\u00e9nestin (10 mn).<\/p>\n\n\n\n<p class=\"has-text-align-center\">Discover also the salt marshes of Ass\u00e9rac, the oyster and mussel farms located around the Traict de Pen B\u00e9.<\/p>\n\n\n\n<p class=\"has-text-align-center\">Many family activities are offered: water sports, museum visits, amusement parks, swimming, beach games, hiking, horseback riding and cycling.<\/p>\n\n\n\n<p class=\"has-text-align-center\">Want to discover the surrounding towns and islands? On the Morbihan side, visit La Roche Bernard (15mn), the dam of Arzal, P\u00e9nestin, Camo\u00ebl, F\u00e9rel, accessible in 10 minutes by car.<\/p>\n\n\n\n<p class=\"has-text-align-center\">The campsite is also located 10 minutes from the landing stages in La Turballe to Belle-Ile en Mer, Houat and Ho\u00ebdic: for a day, take a trip to the magnificent Breton islands.<\/p>\n\n\n\n<p class=\"has-text-align-center\">One thing is sure, you will not have time to get bored during your stay at the 4 star Camping Les Prairies de l&#8217;Etang in Ass\u00e9rac!<\/p>\n\n\n\n<p class=\"has-text-align-center\"><strong>To find the agenda of the animations and events of the destination La Baule &#8211; Gu\u00e9rande, <u>\n  <a rel=\"noreferrer noopener\" href=\"https:\/\/www.labaule-guerande.com\/tout-l-agenda-animations-evenements.html\" target=\"_blank\">click here <\/a>\n<\/u>!  <\/strong><\/p>\n<\/div><\/div>\n\n<figure class=\"wp-block-gallery has-nested-images columns-4 is-cropped gal--seo diaporama-mob\">\n<figure class=\"wp-block-image size-large\"><a href=\"https:\/\/www.lesprairies.net\/alentours\/1260\/\"><img width=\"1024\" height=\"686\" data-id=\"1261\"  src=\"https:\/\/www.lesprairies.net\/wp-content\/uploads\/2023\/02\/photo-635543334416806629-1-1024x686.jpg\" alt=\"\" class=\"wp-image-1261\" srcset=\"https:\/\/www.lesprairies.net\/wp-content\/uploads\/2023\/02\/photo-635543334416806629-1-1024x686.jpg 1024w, https:\/\/www.lesprairies.net\/wp-content\/uploads\/2023\/02\/photo-635543334416806629-1-300x201.jpg 300w, https:\/\/www.lesprairies.net\/wp-content\/uploads\/2023\/02\/photo-635543334416806629-1-768x514.jpg 768w, https:\/\/www.lesprairies.net\/wp-content\/uploads\/2023\/02\/photo-635543334416806629-1.jpg 1195w\" sizes=\"(max-width: 1024px) 100vw, 1024px\" \/><\/a><figcaption>The beaches of Ass\u00e9rac, 5 minutes from the campsite<\/figcaption><\/figure>\n\n\n<figure class=\"wp-block-image size-large\"><a href=\"https:\/\/www.lesprairies.net\/alentours\/penestin-a-10-min-du-camping\/\"><img width=\"1024\" height=\"680\" data-id=\"1265\"  src=\"https:\/\/www.lesprairies.net\/wp-content\/uploads\/2023\/02\/photo-634649808300408297-1-1024x680.jpg\" alt=\"\" class=\"wp-image-1265\" srcset=\"https:\/\/www.lesprairies.net\/wp-content\/uploads\/2023\/02\/photo-634649808300408297-1-1024x680.jpg 1024w, https:\/\/www.lesprairies.net\/wp-content\/uploads\/2023\/02\/photo-634649808300408297-1-300x199.jpg 300w, https:\/\/www.lesprairies.net\/wp-content\/uploads\/2023\/02\/photo-634649808300408297-1-768x510.jpg 768w, https:\/\/www.lesprairies.net\/wp-content\/uploads\/2023\/02\/photo-634649808300408297-1.jpg 1204w\" sizes=\"(max-width: 1024px) 100vw, 1024px\" \/><\/a><figcaption>P\u00e9nestin, 10 min from the campsite<\/figcaption><\/figure>\n\n\n<figure class=\"wp-block-image size-large\"><a href=\"https:\/\/www.lesprairies.net\/alentours\/la-peche-a-pied-a-pen-be\/\"><img width=\"1024\" height=\"671\" data-id=\"1273\"  src=\"https:\/\/www.lesprairies.net\/wp-content\/uploads\/2023\/02\/photo-634649807326654586-1-1024x671.jpg\" alt=\"\" class=\"wp-image-1273\" srcset=\"https:\/\/www.lesprairies.net\/wp-content\/uploads\/2023\/02\/photo-634649807326654586-1-1024x671.jpg 1024w, https:\/\/www.lesprairies.net\/wp-content\/uploads\/2023\/02\/photo-634649807326654586-1-300x197.jpg 300w, https:\/\/www.lesprairies.net\/wp-content\/uploads\/2023\/02\/photo-634649807326654586-1-768x503.jpg 768w, https:\/\/www.lesprairies.net\/wp-content\/uploads\/2023\/02\/photo-634649807326654586-1.jpg 1221w\" sizes=\"(max-width: 1024px) 100vw, 1024px\" \/><\/a><figcaption>Foot fishing in Pen B\u00e9<\/figcaption><\/figure>\n\n\n<figure class=\"wp-block-image size-full\"><a href=\"https:\/\/www.lesprairies.net\/alentours\/les-marches-et-vide-greniers-aux-alentours\/\"><img width=\"640\" height=\"427\" data-id=\"1148\"  src=\"https:\/\/www.lesprairies.net\/wp-content\/uploads\/2023\/02\/the-grand-cheese-master-TJDBqlvTdGI-unsplash.jpg\" alt=\"\" class=\"wp-image-1148\" srcset=\"https:\/\/www.lesprairies.net\/wp-content\/uploads\/2023\/02\/the-grand-cheese-master-TJDBqlvTdGI-unsplash.jpg 640w, https:\/\/www.lesprairies.net\/wp-content\/uploads\/2023\/02\/the-grand-cheese-master-TJDBqlvTdGI-unsplash-300x200.jpg 300w\" sizes=\"(max-width: 640px) 100vw, 640px\" \/><\/a><figcaption>Markets and yard sales in the area<\/figcaption><\/figure>\n\n\n<figure class=\"wp-block-image size-full\"><a href=\"https:\/\/www.lesprairies.net\/alentours\/les-marais-salants-dasserac\/\"><img width=\"640\" height=\"374\" data-id=\"1164\"  src=\"https:\/\/www.lesprairies.net\/wp-content\/uploads\/2023\/02\/sebastien-goldberg-tYaX_Lv1gCQ-unsplash.jpg\" alt=\"\" class=\"wp-image-1164\" srcset=\"https:\/\/www.lesprairies.net\/wp-content\/uploads\/2023\/02\/sebastien-goldberg-tYaX_Lv1gCQ-unsplash.jpg 640w, https:\/\/www.lesprairies.net\/wp-content\/uploads\/2023\/02\/sebastien-goldberg-tYaX_Lv1gCQ-unsplash-300x175.jpg 300w\" sizes=\"(max-width: 640px) 100vw, 640px\" \/><\/a><figcaption>The salt marshes of Ass\u00e9rac<\/figcaption><\/figure>\n\n\n<figure class=\"wp-block-image size-full\"><a href=\"https:\/\/www.lesprairies.net\/alentours\/mesquer-quimiac\/\"><img width=\"640\" height=\"512\" data-id=\"1277\"  src=\"https:\/\/www.lesprairies.net\/wp-content\/uploads\/2023\/02\/pexels-frank-cone-2985018.jpg\" alt=\"\" class=\"wp-image-1277\" srcset=\"https:\/\/www.lesprairies.net\/wp-content\/uploads\/2023\/02\/pexels-frank-cone-2985018.jpg 640w, https:\/\/www.lesprairies.net\/wp-content\/uploads\/2023\/02\/pexels-frank-cone-2985018-300x240.jpg 300w\" sizes=\"(max-width: 640px) 100vw, 640px\" \/><\/a><figcaption>Mesquer-Quimiac<\/figcaption><\/figure>\n\n\n<figure class=\"wp-block-image size-large\"><a href=\"https:\/\/www.lesprairies.net\/alentours\/la-roche-bernard\/\"><img width=\"1024\" height=\"682\" data-id=\"1281\"  src=\"https:\/\/www.lesprairies.net\/wp-content\/uploads\/2023\/02\/photo-635543326100276022-1-1024x682.jpg\" alt=\"\" class=\"wp-image-1281\" srcset=\"https:\/\/www.lesprairies.net\/wp-content\/uploads\/2023\/02\/photo-635543326100276022-1-1024x682.jpg 1024w, https:\/\/www.lesprairies.net\/wp-content\/uploads\/2023\/02\/photo-635543326100276022-1-300x200.jpg 300w, https:\/\/www.lesprairies.net\/wp-content\/uploads\/2023\/02\/photo-635543326100276022-1-768x512.jpg 768w, https:\/\/www.lesprairies.net\/wp-content\/uploads\/2023\/02\/photo-635543326100276022-1.jpg 1201w\" sizes=\"(max-width: 1024px) 100vw, 1024px\" \/><\/a><figcaption>La Roche Bernard<\/figcaption><\/figure>\n\n\n<figure class=\"wp-block-image size-large\"><a href=\"https:\/\/www.lesprairies.net\/alentours\/planete-sauvage\/\"><img width=\"640\" height=\"958\" data-id=\"1253\"  src=\"https:\/\/www.lesprairies.net\/wp-content\/uploads\/2023\/02\/andreas-dress-NNe6epzHGm8-unsplash.jpg\" alt=\"\" class=\"wp-image-1253\" srcset=\"https:\/\/www.lesprairies.net\/wp-content\/uploads\/2023\/02\/andreas-dress-NNe6epzHGm8-unsplash.jpg 640w, https:\/\/www.lesprairies.net\/wp-content\/uploads\/2023\/02\/andreas-dress-NNe6epzHGm8-unsplash-200x300.jpg 200w\" sizes=\"(max-width: 640px) 100vw, 640px\" \/><\/a><figcaption>Wild Planet<\/figcaption><\/figure>\n\n\n<figure class=\"wp-block-image size-large\"><a href=\"https:\/\/www.lesprairies.net\/alentours\/le-zoo-de-branfere-un-parc-ludique-et-educatif\/\"><img width=\"640\" height=\"427\" data-id=\"1269\"  src=\"https:\/\/www.lesprairies.net\/wp-content\/uploads\/2023\/02\/michael-payne-a9NQ6z1zqro-unsplash.jpg\" alt=\"\" class=\"wp-image-1269\" srcset=\"https:\/\/www.lesprairies.net\/wp-content\/uploads\/2023\/02\/michael-payne-a9NQ6z1zqro-unsplash.jpg 640w, https:\/\/www.lesprairies.net\/wp-content\/uploads\/2023\/02\/michael-payne-a9NQ6z1zqro-unsplash-300x200.jpg 300w\" sizes=\"(max-width: 640px) 100vw, 640px\" \/><\/a><figcaption>Branf\u00e9r\u00e9 Zoo, a fun and educational park<\/figcaption><\/figure>\n\n\n<figure class=\"wp-block-image size-large\"><a href=\"https:\/\/www.lesprairies.net\/alentours\/ocearium-du-croisic\/\"><img width=\"640\" height=\"413\" data-id=\"1257\"  src=\"https:\/\/www.lesprairies.net\/wp-content\/uploads\/2023\/02\/david-clode-x9yfTxHpj5w-unsplash.jpg\" alt=\"\" class=\"wp-image-1257\" srcset=\"https:\/\/www.lesprairies.net\/wp-content\/uploads\/2023\/02\/david-clode-x9yfTxHpj5w-unsplash.jpg 640w, https:\/\/www.lesprairies.net\/wp-content\/uploads\/2023\/02\/david-clode-x9yfTxHpj5w-unsplash-300x194.jpg 300w\" sizes=\"(max-width: 640px) 100vw, 640px\" \/><\/a><figcaption>Oc\u00e9arium du Croisic<\/figcaption><\/figure>\n\n\n<figure class=\"wp-block-image size-large\"><a href=\"https:\/\/www.lesprairies.net\/alentours\/herbignac-en-bordure-de-briere\/\"><img width=\"1201\" height=\"800\" data-id=\"1236\"  src=\"https:\/\/www.lesprairies.net\/wp-content\/uploads\/2023\/02\/photo-634649805784591878-1.jpg\" alt=\"\" class=\"wp-image-1236\" srcset=\"https:\/\/www.lesprairies.net\/wp-content\/uploads\/2023\/02\/photo-634649805784591878-1.jpg 1201w, https:\/\/www.lesprairies.net\/wp-content\/uploads\/2023\/02\/photo-634649805784591878-1-300x200.jpg 300w, https:\/\/www.lesprairies.net\/wp-content\/uploads\/2023\/02\/photo-634649805784591878-1-1024x682.jpg 1024w, https:\/\/www.lesprairies.net\/wp-content\/uploads\/2023\/02\/photo-634649805784591878-1-768x512.jpg 768w\" sizes=\"(max-width: 1201px) 100vw, 1201px\" \/><\/a><figcaption>Herbignac on the edge of the Briere<\/figcaption><\/figure><\/figure>\n","protected":false},"excerpt":{"rendered":"<p>Activities and Leisure in Ass\u00e9rac From the Campsite **** Les Prairies de l&#8217;Etang in Ass\u00e9rac, discover Southern Brittany and the Loire-Atlantique region and enjoy the wide variety of landscapes and activities. Seaside lovers will be delighted by the multitude of beaches and the variety of the coastline: relax on the beaches of Ass\u00e9rac such as [&hellip;]<\/p>\n","protected":false},"author":1,"featured_media":0,"parent":0,"menu_order":0,"comment_status":"closed","ping_status":"closed","template":"","meta":[],"acf":[],"_links":{"self":[{"href":"https:\/\/www.lesprairies.net\/en\/wp-json\/wp\/v2\/pages\/1689"}],"collection":[{"href":"https:\/\/www.lesprairies.net\/en\/wp-json\/wp\/v2\/pages"}],"about":[{"href":"https:\/\/www.lesprairies.net\/en\/wp-json\/wp\/v2\/types\/page"}],"author":[{"embeddable":true,"href":"https:\/\/www.lesprairies.net\/en\/wp-json\/wp\/v2\/users\/1"}],"replies":[{"embeddable":true,"href":"https:\/\/www.lesprairies.net\/en\/wp-json\/wp\/v2\/comments?post=1689"}],"version-history":[{"count":3,"href":"https:\/\/www.lesprairies.net\/en\/wp-json\/wp\/v2\/pages\/1689\/revisions"}],"predecessor-version":[{"id":1692,"href":"https:\/\/www.lesprairies.net\/en\/wp-json\/wp\/v2\/pages\/1689\/revisions\/1692"}],"wp:attachment":[{"href":"https:\/\/www.lesprairies.net\/en\/wp-json\/wp\/v2\/media?parent=1689"}],"curies":[{"name":"wp","href":"https:\/\/api.w.org\/{rel}","templated":true}]}}