{"id":1695,"date":"2023-03-14T16:09:01","date_gmt":"2023-03-14T15:09:01","guid":{"rendered":"https:\/\/www.lesprairies.net\/activities-and-leisures-a-guerande-during-your-camping-holidays\/"},"modified":"2023-03-14T16:09:01","modified_gmt":"2023-03-14T15:09:01","slug":"activities-and-leisures-a-guerande-during-your-camping-holidays","status":"publish","type":"page","link":"https:\/\/www.lesprairies.net\/en\/activities-and-leisures-a-guerande-during-your-camping-holidays\/","title":{"rendered":"SEO &#8211; Activities and Leisure in Gu\u00e9rande during your camping vacations"},"content":{"rendered":"\n<div class=\"wp-container-69d0103923522 wp-block-group deco--vague deco--fleur2\"><div class=\"wp-block-group__inner-container\">\n<h1 class=\"has-text-align-center\" id=\"activites-et-loisirs-a-guerande-span-text-lors-de-vos-vacances-en-camping-class-h6\">Activities and Leisure in Gu\u00e9rande  <span class=\"fc-span h6\">during your camping vacations<\/span><\/h1>\n\n\n\n<p class=\"has-text-align-center\">During your vacations at the Prairies de l&#8217;\u00e9tang campsite, <strong>Gu\u00e9rande<\/strong>, the beloved city of the Dukes of Brittany, invites you to discover all the richness and authenticity of a<strong> medieval city<\/strong> of character nestled between the ocean and the Bri\u00e8re marshes, the Loire River to the south and the Vilaine to the north.<\/p>\n\n\n\n<p class=\"has-text-align-center\">You will be seduced by the architectural heritage of <strong>Gu\u00e9rande<\/strong>, its ramparts, its traditional houses and its lively shopping streets.  <\/p>\n\n\n\n<p class=\"has-text-align-center\">Discover also the Regional Natural Park of Briere, by boat or carriage, the hiking trails of the <strong>Gu\u00e9rande peninsula<\/strong>, the small fishing ports where time seems to have stopped&#8230;<\/p>\n\n\n\n<p class=\"has-text-align-center\">If you have time and have booked a long stay at the campsite, continue your <a href=\"https:\/\/www.lesprairies.net\/241-a-decouvrir\/585-la-baule\">visit to the bay of La Baule<\/a>!<\/p>\n\n\n\n<p class=\"has-text-align-center\">You wish to spend your vacations in Gu\u00e9rande? Discover the <a href=\"https:\/\/www.lesprairies.net\/236-mobil-home\">Gu\u00e9rande campsite rentals<\/a> and book your mobile home at Camping Les Prairies!<\/p>\n\n\n\n<p class=\"has-text-align-center\"><strong>To find the agenda of the animations and events of the destination La Baule &#8211; Gu\u00e9rande, <u>\n  <a rel=\"noreferrer noopener\" href=\"https:\/\/www.labaule-guerande.com\/tout-l-agenda-animations-evenements.html\" target=\"_blank\">click here <\/a>\n<\/u>!  <\/strong><\/p>\n<\/div><\/div>\n\n<figure class=\"wp-block-gallery has-nested-images columns-4 is-cropped gal--seo diaporama-mob\">\n<figure class=\"wp-block-image size-large\"><a href=\"https:\/\/www.lesprairies.net\/alentours\/connaissez-vous-la-fleur-de-sel-de-guerande\/\"><img width=\"720\" height=\"480\" data-id=\"1197\"  src=\"https:\/\/www.lesprairies.net\/wp-content\/uploads\/2023\/02\/photo-635530559468657590-1.jpg\" alt=\"\" class=\"wp-image-1197\" srcset=\"https:\/\/www.lesprairies.net\/wp-content\/uploads\/2023\/02\/photo-635530559468657590-1.jpg 720w, https:\/\/www.lesprairies.net\/wp-content\/uploads\/2023\/02\/photo-635530559468657590-1-300x200.jpg 300w\" sizes=\"(max-width: 720px) 100vw, 720px\" \/><\/a><figcaption>Do you know the Gu\u00e9rande flower of salt?<\/figcaption><\/figure>\n\n\n<figure class=\"wp-block-image size-large\"><a href=\"https:\/\/www.lesprairies.net\/alentours\/guerande\/\"><img width=\"1200\" height=\"800\" data-id=\"1193\"  src=\"https:\/\/www.lesprairies.net\/wp-content\/uploads\/2023\/02\/photo-635544294902235633-1.jpg\" alt=\"\" class=\"wp-image-1193\" srcset=\"https:\/\/www.lesprairies.net\/wp-content\/uploads\/2023\/02\/photo-635544294902235633-1.jpg 1200w, https:\/\/www.lesprairies.net\/wp-content\/uploads\/2023\/02\/photo-635544294902235633-1-300x200.jpg 300w, https:\/\/www.lesprairies.net\/wp-content\/uploads\/2023\/02\/photo-635544294902235633-1-1024x683.jpg 1024w, https:\/\/www.lesprairies.net\/wp-content\/uploads\/2023\/02\/photo-635544294902235633-1-768x512.jpg 768w\" sizes=\"(max-width: 1200px) 100vw, 1200px\" \/><\/a><figcaption>Gu\u00e9rande<\/figcaption><\/figure>\n\n\n<figure class=\"wp-block-image size-large\"><a href=\"https:\/\/www.lesprairies.net\/alentours\/le-parc-regional-de-briere\/\"><img width=\"1216\" height=\"800\" data-id=\"1189\"  src=\"https:\/\/www.lesprairies.net\/wp-content\/uploads\/2023\/02\/photo-634649806620753346-1.jpg\" alt=\"\" class=\"wp-image-1189\" srcset=\"https:\/\/www.lesprairies.net\/wp-content\/uploads\/2023\/02\/photo-634649806620753346-1.jpg 1216w, https:\/\/www.lesprairies.net\/wp-content\/uploads\/2023\/02\/photo-634649806620753346-1-300x197.jpg 300w, https:\/\/www.lesprairies.net\/wp-content\/uploads\/2023\/02\/photo-634649806620753346-1-1024x674.jpg 1024w, https:\/\/www.lesprairies.net\/wp-content\/uploads\/2023\/02\/photo-634649806620753346-1-768x505.jpg 768w\" sizes=\"(max-width: 1216px) 100vw, 1216px\" \/><\/a><figcaption>The Bri\u00e8re regional park<\/figcaption><\/figure>\n\n\n<figure class=\"wp-block-image size-large\"><a href=\"https:\/\/www.lesprairies.net\/alentours\/les-marais-salants-de-guerande\/\"><img width=\"720\" height=\"480\" data-id=\"1185\"  src=\"https:\/\/www.lesprairies.net\/wp-content\/uploads\/2023\/02\/photo-635524590149191072-1.jpg\" alt=\"\" class=\"wp-image-1185\" srcset=\"https:\/\/www.lesprairies.net\/wp-content\/uploads\/2023\/02\/photo-635524590149191072-1.jpg 720w, https:\/\/www.lesprairies.net\/wp-content\/uploads\/2023\/02\/photo-635524590149191072-1-300x200.jpg 300w\" sizes=\"(max-width: 720px) 100vw, 720px\" \/><\/a><figcaption>The salt marshes of Gu\u00e9rande<\/figcaption><\/figure>\n\n\n<figure class=\"wp-block-image size-large\"><a href=\"https:\/\/www.lesprairies.net\/alentours\/le-musee-du-pays-de-guerande\/\"><img width=\"720\" height=\"480\" data-id=\"1181\"  src=\"https:\/\/www.lesprairies.net\/wp-content\/uploads\/2023\/02\/photo-635524586495196654-1.jpg\" alt=\"\" class=\"wp-image-1181\" srcset=\"https:\/\/www.lesprairies.net\/wp-content\/uploads\/2023\/02\/photo-635524586495196654-1.jpg 720w, https:\/\/www.lesprairies.net\/wp-content\/uploads\/2023\/02\/photo-635524586495196654-1-300x200.jpg 300w\" sizes=\"(max-width: 720px) 100vw, 720px\" \/><\/a><figcaption>The museum of the country of Gu\u00e9rande<\/figcaption><\/figure>\n\n\n<figure class=\"wp-block-image size-large\"><a href=\"https:\/\/www.lesprairies.net\/alentours\/guerande-ville-dart-et-dhistoire\/\"><img width=\"720\" height=\"480\" data-id=\"1177\"  src=\"https:\/\/www.lesprairies.net\/wp-content\/uploads\/2023\/02\/photo-634666379930931853-2.jpg\" alt=\"\" class=\"wp-image-1177\" srcset=\"https:\/\/www.lesprairies.net\/wp-content\/uploads\/2023\/02\/photo-634666379930931853-2.jpg 720w, https:\/\/www.lesprairies.net\/wp-content\/uploads\/2023\/02\/photo-634666379930931853-2-300x200.jpg 300w\" sizes=\"(max-width: 720px) 100vw, 720px\" \/><\/a><figcaption>Gu\u00e9rande, city of Art and History<\/figcaption><\/figure>\n\n\n<figure class=\"wp-block-image size-large\"><a href=\"https:\/\/www.lesprairies.net\/alentours\/promenades-et-randonnees-en-presquile-de-guerande\/\"><img width=\"720\" height=\"480\" data-id=\"1172\"  src=\"https:\/\/www.lesprairies.net\/wp-content\/uploads\/2023\/02\/photo-635524594912191438-1.jpg\" alt=\"\" class=\"wp-image-1172\" srcset=\"https:\/\/www.lesprairies.net\/wp-content\/uploads\/2023\/02\/photo-635524594912191438-1.jpg 720w, https:\/\/www.lesprairies.net\/wp-content\/uploads\/2023\/02\/photo-635524594912191438-1-300x200.jpg 300w\" sizes=\"(max-width: 720px) 100vw, 720px\" \/><\/a><figcaption>Walks and hikes in the Gu\u00e9rande peninsula<\/figcaption><\/figure><\/figure>\n","protected":false},"excerpt":{"rendered":"<p>Activities and Leisure in Gu\u00e9rande During your vacations at the Prairies de l&#8217;\u00e9tang campsite, Gu\u00e9rande, the beloved city of the Dukes of Brittany, invites you to discover all the richness and authenticity of a medieval city of character nestled between the ocean and the Bri\u00e8re marshes, the Loire River to the south and the Vilaine [&hellip;]<\/p>\n","protected":false},"author":1,"featured_media":0,"parent":0,"menu_order":0,"comment_status":"closed","ping_status":"closed","template":"","meta":[],"acf":[],"_links":{"self":[{"href":"https:\/\/www.lesprairies.net\/en\/wp-json\/wp\/v2\/pages\/1695"}],"collection":[{"href":"https:\/\/www.lesprairies.net\/en\/wp-json\/wp\/v2\/pages"}],"about":[{"href":"https:\/\/www.lesprairies.net\/en\/wp-json\/wp\/v2\/types\/page"}],"author":[{"embeddable":true,"href":"https:\/\/www.lesprairies.net\/en\/wp-json\/wp\/v2\/users\/1"}],"replies":[{"embeddable":true,"href":"https:\/\/www.lesprairies.net\/en\/wp-json\/wp\/v2\/comments?post=1695"}],"version-history":[{"count":1,"href":"https:\/\/www.lesprairies.net\/en\/wp-json\/wp\/v2\/pages\/1695\/revisions"}],"predecessor-version":[{"id":1696,"href":"https:\/\/www.lesprairies.net\/en\/wp-json\/wp\/v2\/pages\/1695\/revisions\/1696"}],"wp:attachment":[{"href":"https:\/\/www.lesprairies.net\/en\/wp-json\/wp\/v2\/media?parent=1695"}],"curies":[{"name":"wp","href":"https:\/\/api.w.org\/{rel}","templated":true}]}}