{"id":1639,"date":"2023-03-14T16:01:52","date_gmt":"2023-03-14T15:01:52","guid":{"rendered":"https:\/\/www.lesprairies.net\/locaties\/"},"modified":"2025-03-18T12:36:15","modified_gmt":"2025-03-18T11:36:15","slug":"locaties","status":"publish","type":"page","link":"https:\/\/www.lesprairies.net\/nl\/locaties\/","title":{"rendered":"Locaties"},"content":{"rendered":"\n<div class=\"wp-block-cover pe-00_banner\"><span aria-hidden=\"true\" class=\"wp-block-cover__gradient-background has-background-dim\"><\/span><img width=\"1204\" height=\"800\" class=\"wp-block-cover__image-background wp-image-1012\" alt=\"\" src=\"https:\/\/www.lesprairies.net\/wp-content\/uploads\/2023\/02\/photo-637393271254822015-1.jpg\" style=\"object-position:53% 100%\" data-object-fit=\"cover\" data-object-position=\"53% 100%\" srcset=\"https:\/\/www.lesprairies.net\/wp-content\/uploads\/2023\/02\/photo-637393271254822015-1.jpg 1204w, https:\/\/www.lesprairies.net\/wp-content\/uploads\/2023\/02\/photo-637393271254822015-1-300x199.jpg 300w, https:\/\/www.lesprairies.net\/wp-content\/uploads\/2023\/02\/photo-637393271254822015-1-1024x680.jpg 1024w, https:\/\/www.lesprairies.net\/wp-content\/uploads\/2023\/02\/photo-637393271254822015-1-768x510.jpg 768w\" sizes=\"(max-width: 1204px) 100vw, 1204px\" \/><div class=\"wp-block-cover__inner-container\">\n<p class=\"has-text-align-center has-large-font-size\"><\/p>\n<\/div><\/div>\n\n\n\n<div class=\"wp-block-columns reverse-mob has-beige-clair-background-color has-background\">\n<div class=\"wp-block-column\">\n<figure class=\"wp-block-gallery has-nested-images columns-2 is-cropped gal--detruct deco--fleur2\">\n<figure class=\"wp-block-image size-large\"><img width=\"1024\" height=\"680\" src=\"https:\/\/www.lesprairies.net\/wp-content\/uploads\/2023\/02\/photo-637393271330901411-1-1024x680.jpg\" alt=\"\" class=\"wp-image-1016\" srcset=\"https:\/\/www.lesprairies.net\/wp-content\/uploads\/2023\/02\/photo-637393271330901411-1-1024x680.jpg 1024w, https:\/\/www.lesprairies.net\/wp-content\/uploads\/2023\/02\/photo-637393271330901411-1-300x199.jpg 300w, https:\/\/www.lesprairies.net\/wp-content\/uploads\/2023\/02\/photo-637393271330901411-1-768x510.jpg 768w, https:\/\/www.lesprairies.net\/wp-content\/uploads\/2023\/02\/photo-637393271330901411-1.jpg 1204w\" sizes=\"(max-width: 1024px) 100vw, 1024px\" \/><\/figure>\n\n\n\n<figure class=\"wp-block-image size-large\"><img width=\"600\" height=\"800\" src=\"https:\/\/www.lesprairies.net\/wp-content\/uploads\/2023\/02\/photo-637393271979681928-1.jpg\" alt=\"\" class=\"wp-image-1015\" srcset=\"https:\/\/www.lesprairies.net\/wp-content\/uploads\/2023\/02\/photo-637393271979681928-1.jpg 600w, https:\/\/www.lesprairies.net\/wp-content\/uploads\/2023\/02\/photo-637393271979681928-1-225x300.jpg 225w\" sizes=\"(max-width: 600px) 100vw, 600px\" \/><\/figure>\n\n\n\n<figure class=\"wp-block-image size-large\"><img width=\"800\" height=\"600\" src=\"https:\/\/www.lesprairies.net\/wp-content\/uploads\/2023\/02\/00000169503.webp\" alt=\"\" class=\"wp-image-1045\" srcset=\"https:\/\/www.lesprairies.net\/wp-content\/uploads\/2023\/02\/00000169503.webp 800w, https:\/\/www.lesprairies.net\/wp-content\/uploads\/2023\/02\/00000169503-300x225.webp 300w, https:\/\/www.lesprairies.net\/wp-content\/uploads\/2023\/02\/00000169503-768x576.webp 768w\" sizes=\"(max-width: 800px) 100vw, 800px\" \/><\/figure>\n<\/figure>\n<\/div>\n\n\n\n<div class=\"wp-block-column\">\n<h1 class=\"h2\" id=\"les-emplacements-de-camping-span-text-caravaning-pres-de-guerande-class-h6\">Kampeerplaatsen  <span class=\"fc-span h6\">Caravanning in de buurt van Gu\u00e9rande<\/span><\/h1>\n\n\n\n<p>De camping**** Les Prairies de l&#8217;Etang verwelkomt kampeerders, caravans en campers op minder dan 20 minuten van La Baule en Gu\u00e9rande en op <strong>5 minuten rijden van het strand<\/strong>, van 6 april tot 30 september.<\/p>\n\n\n\n<div class=\"wp-block-group lire-plus-mobile\"><div class=\"wp-block-group__inner-container\">\n<p>Meer lezen<\/p>\n\n\n\n<div class=\"wp-container-69f537d447364 wp-block-group\"><div class=\"wp-block-group__inner-container\">\n<p>Ruim en afgebakend door kleine hagen (afhankelijk van het perceel), beslaat elk van de <strong>42 kampeerplaatsen<\/strong> 100 tot 150 m\u00b2 in een <strong>groen park beplant met<\/strong> populieren, eiken en laurieren. Maximaal 6 personen\/plaats.<\/p>\n\n\n\n<p>Bij elke standplaats zijn er 10A stroompunten en waterpunten.<\/p>\n<\/div><\/div>\n<\/div><\/div>\n\n\n\n<div class=\"wp-container-69f537d44769f wp-block-buttons\">\n<div class=\"wp-block-button btn_resa_empl\"><a class=\"wp-block-button__link\">Een standplaats reserveren<\/a><\/div>\n<\/div>\n<\/div>\n<\/div>\n\n\n\n<div class=\"wp-container-69f537d447e1c wp-block-group deco--vague\"><div class=\"wp-block-group__inner-container\">\n<div class=\"wp-block-columns\">\n<div class=\"wp-block-column order-mob\">\n<figure class=\"wp-block-gallery has-nested-images columns-1 is-cropped gal--large\">\n<figure class=\"wp-block-image size-large\"><img width=\"1024\" height=\"768\" src=\"https:\/\/www.lesprairies.net\/wp-content\/uploads\/2023\/02\/00000335242-1024x768.webp\" alt=\"\" class=\"wp-image-1054\" srcset=\"https:\/\/www.lesprairies.net\/wp-content\/uploads\/2023\/02\/00000335242-1024x768.webp 1024w, https:\/\/www.lesprairies.net\/wp-content\/uploads\/2023\/02\/00000335242-300x225.webp 300w, https:\/\/www.lesprairies.net\/wp-content\/uploads\/2023\/02\/00000335242-768x576.webp 768w, https:\/\/www.lesprairies.net\/wp-content\/uploads\/2023\/02\/00000335242.webp 1176w\" sizes=\"(max-width: 1024px) 100vw, 1024px\" \/><\/figure>\n\n\n\n<figure class=\"wp-block-image size-large\"><img width=\"1024\" height=\"768\" src=\"https:\/\/www.lesprairies.net\/wp-content\/uploads\/2023\/02\/00000528784-1024x768.webp\" alt=\"\" class=\"wp-image-1048\" srcset=\"https:\/\/www.lesprairies.net\/wp-content\/uploads\/2023\/02\/00000528784-1024x768.webp 1024w, https:\/\/www.lesprairies.net\/wp-content\/uploads\/2023\/02\/00000528784-300x225.webp 300w, https:\/\/www.lesprairies.net\/wp-content\/uploads\/2023\/02\/00000528784-768x576.webp 768w, https:\/\/www.lesprairies.net\/wp-content\/uploads\/2023\/02\/00000528784.webp 1176w\" sizes=\"(max-width: 1024px) 100vw, 1024px\" \/><\/figure>\n<\/figure>\n<\/div>\n\n\n\n<div class=\"wp-block-column\" style=\"flex-basis:40%\">\n<h2 class=\"has-text-align-center\" id=\"les-sanitaires-sur-le-camping\">Sanitaire voorzieningen op de camping :<\/h2>\n\n\n\n<p class=\"has-text-align-center\"><strong> Campers <\/strong>zullen hun afvalwatertank kunnen legen in een chemisch toilet en hun drinkwater kunnen aanvullen.<\/p>\n\n\n\n<ul class=\"pictos centre col-4 scroll-mob\"><li><i class=\"far fa-shower\"><\/i>  Doucheruimtes <em>met individuele cabines uitgerust met douche, wastafel<\/em><\/li><li><i class=\"far fa-toilet\"><\/i> Sanitaire voorzieningen <em>toegankelijk voor gehandicapten (P.M.R.)<\/em><\/li><li><i class=\"far fa-sink\"><\/i> <em>Kindvriendelijke<\/em> wastafel en toilet<\/li><li><i class=\"far fa-washing-machine\"><\/i>  Wasmachine en wasdroger <em>beschikbaar (muntjes bij de receptie 5 \u20ac) &#8211; Bruikleen van strijkijzer<\/em><\/li><li><i class=\"far fa-dryer-heat\"><\/i>  Vaatwasser <em>beschikbaar en gratis<\/em><\/li><li><i class=\"far fa-heat\"><\/i>  Haardroger en handdroger <em>beschikbaar in het sanitairgebouw<\/em><\/li><li><i class=\"far fa-baby\"><\/i> Voor gezinnen: <em>grote babyruimte met luiertafel en babybadje (kinderstoel en kinderbedje extra)<\/em><\/li><\/ul>\n\n\n\n<div class=\"wp-container-69f537d447ab4 wp-block-buttons\">\n<div class=\"wp-block-button is-style-outline\"><a class=\"wp-block-button__link\" href=\"https:\/\/www.lesprairies.net\/nl\/vrije-tijd\/\">Ontdekken van vrijetijdsactiviteiten<\/a><\/div>\n\n\n\n<div class=\"wp-block-button is-style-fill\"><a class=\"wp-block-button__link\" href=\"https:\/\/www.lesprairies.net\/nl\/galerij-media\/?galerie=emplacements\">In beeld<\/a><\/div>\n<\/div>\n<\/div>\n\n\n\n<div class=\"wp-block-column\">\n<figure class=\"wp-block-gallery has-nested-images columns-1 is-cropped deco--fleur_small gal--large\">\n<figure class=\"wp-block-image size-large\"><img width=\"1024\" height=\"768\" src=\"https:\/\/www.lesprairies.net\/wp-content\/uploads\/2023\/02\/00000528785-1024x768.webp\" alt=\"\" class=\"wp-image-1050\" srcset=\"https:\/\/www.lesprairies.net\/wp-content\/uploads\/2023\/02\/00000528785-1024x768.webp 1024w, https:\/\/www.lesprairies.net\/wp-content\/uploads\/2023\/02\/00000528785-300x225.webp 300w, https:\/\/www.lesprairies.net\/wp-content\/uploads\/2023\/02\/00000528785-768x576.webp 768w, https:\/\/www.lesprairies.net\/wp-content\/uploads\/2023\/02\/00000528785.webp 1176w\" sizes=\"(max-width: 1024px) 100vw, 1024px\" \/><\/figure>\n\n\n\n<figure class=\"wp-block-image size-large\"><img width=\"768\" height=\"1024\" src=\"https:\/\/www.lesprairies.net\/wp-content\/uploads\/2023\/02\/00000633701-768x1024.webp\" alt=\"\" class=\"wp-image-1056\" srcset=\"https:\/\/www.lesprairies.net\/wp-content\/uploads\/2023\/02\/00000633701-768x1024.webp 768w, https:\/\/www.lesprairies.net\/wp-content\/uploads\/2023\/02\/00000633701-225x300.webp 225w, https:\/\/www.lesprairies.net\/wp-content\/uploads\/2023\/02\/00000633701-1152x1536.webp 1152w, https:\/\/www.lesprairies.net\/wp-content\/uploads\/2023\/02\/00000633701.webp 1176w\" sizes=\"(max-width: 768px) 100vw, 768px\" \/><\/figure>\n<\/figure>\n<\/div>\n<\/div>\n<\/div><\/div>\n\n\n\n<div class=\"wp-block-columns\">\n<div class=\"wp-block-column\" style=\"flex-basis:41%\">\n<h2 class=\"h5\" id=\"activiteiten-op-de-camping-bij-guerande\">Activiteiten op de camping bij Gu\u00e9rande<\/h2>\n\n\n\n<p>Vanaf je kampeerplaats of <a href=\"https:\/\/www.lesprairies.net\/nl\/stacaravan\/\" data-type=\"page\" data-id=\"1663\">stacaravan<\/a> kun je genieten van het <a href=\"https:\/\/www.lesprairies.net\/nl\/waterpark\/\" data-type=\"page\" data-id=\"1681\">zwembad met binnenzwembad en buitenzwembad<\/a> met 2 glijbanen. Je kinderen kunnen verkoeling zoeken in het pierenbad met waterspelletjes. Voor extra comfort zijn er ligstoelen en parasols aanwezig.<\/p>\n\n\n\n<p>De camping heeft ook <a href=\"https:\/\/www.lesprairies.net\/nl\/vrije-tijd\/\" data-type=\"URL\" data-id=\"https:\/\/www.lesprairies.net\/nl\/vrije-tijd\/\">verschillende recreatiegebieden<\/a> voor jong en oud. Kinderen tussen 2 en 12 jaar kunnen zich in alle veiligheid vermaken op het speelterrein met schommels en glijbanen. Sportievelingen kunnen zich uitleven op het basketbalveld, het petanqueterrein en de fitnessapparaten in de open lucht.<\/p>\n\n\n\n<h2 class=\"h5\" id=\"geniet-van-de-kust-in-loire-atlantique\">Geniet van de kust in Loire-Atlantique<\/h2>\n\n\n\n<p>Tussen 5 en 10 minuten rijden van de <a href=\"https:\/\/www.lesprairies.net\/nl\/\" data-type=\"URL\" data-id=\"https:\/\/www.lesprairies.net\/nl\/\">camping Loire-Atlantiqu<\/a>e liggen verschillende stranden: Pen-B\u00e9, Pont-Mah\u00e9 en P\u00e9nestin, met gratis parkeergelegenheid.<\/p>\n\n\n\n<div class=\"wp-container-69f537d4481ca wp-block-buttons button-gallery\">\n<div class=\"wp-block-button is-style-fill\"><a class=\"wp-block-button__link\" href=\"https:\/\/www.lesprairies.net\/nl\/omgeving\/\" target=\"_blank\" rel=\"noreferrer noopener\">Bekijk de omgeving<\/a><\/div>\n<\/div>\n<\/div>\n\n\n\n<div class=\"wp-block-column\">\n<figure class=\"wp-block-gallery has-nested-images columns-default is-cropped gal--row\">\n<figure class=\"wp-block-image size-large\"><img width=\"779\" height=\"1024\" src=\"https:\/\/www.lesprairies.net\/wp-content\/uploads\/2023\/02\/photo-637383608250906343-1-779x1024.jpg\" alt=\"camping avec piscine gu\u00e9rande loire atlantique\" class=\"wp-image-1460\" srcset=\"https:\/\/www.lesprairies.net\/wp-content\/uploads\/2023\/02\/photo-637383608250906343-1-779x1024.jpg 779w, https:\/\/www.lesprairies.net\/wp-content\/uploads\/2023\/02\/photo-637383608250906343-1-228x300.jpg 228w, https:\/\/www.lesprairies.net\/wp-content\/uploads\/2023\/02\/photo-637383608250906343-1-768x1010.jpg 768w, https:\/\/www.lesprairies.net\/wp-content\/uploads\/2023\/02\/photo-637383608250906343-1.jpg 930w\" sizes=\"(max-width: 779px) 100vw, 779px\" \/><\/figure>\n\n\n\n<figure class=\"wp-block-image size-large\"><img width=\"1423\" height=\"1069\" src=\"https:\/\/www.lesprairies.net\/wp-content\/uploads\/2023\/02\/photo-637591986688414115-2-1.jpg\" alt=\"piscine avec toboggans guerance\" class=\"wp-image-1470\" srcset=\"https:\/\/www.lesprairies.net\/wp-content\/uploads\/2023\/02\/photo-637591986688414115-2-1.jpg 1423w, https:\/\/www.lesprairies.net\/wp-content\/uploads\/2023\/02\/photo-637591986688414115-2-1-300x225.jpg 300w, https:\/\/www.lesprairies.net\/wp-content\/uploads\/2023\/02\/photo-637591986688414115-2-1-1024x769.jpg 1024w, https:\/\/www.lesprairies.net\/wp-content\/uploads\/2023\/02\/photo-637591986688414115-2-1-768x577.jpg 768w\" sizes=\"(max-width: 1423px) 100vw, 1423px\" \/><\/figure>\n\n\n\n<figure class=\"wp-block-image size-large\"><img width=\"1199\" height=\"800\" src=\"https:\/\/www.lesprairies.net\/wp-content\/uploads\/2023\/02\/photo-637393278526385291-1.jpg\" alt=\"\" class=\"wp-image-1109\" srcset=\"https:\/\/www.lesprairies.net\/wp-content\/uploads\/2023\/02\/photo-637393278526385291-1.jpg 1199w, https:\/\/www.lesprairies.net\/wp-content\/uploads\/2023\/02\/photo-637393278526385291-1-300x200.jpg 300w, https:\/\/www.lesprairies.net\/wp-content\/uploads\/2023\/02\/photo-637393278526385291-1-1024x683.jpg 1024w, https:\/\/www.lesprairies.net\/wp-content\/uploads\/2023\/02\/photo-637393278526385291-1-768x512.jpg 768w\" sizes=\"(max-width: 1199px) 100vw, 1199px\" \/><\/figure>\n\n\n\n<figure class=\"wp-block-image size-large\"><img width=\"1199\" height=\"800\" src=\"https:\/\/www.lesprairies.net\/wp-content\/uploads\/2023\/02\/photo-637903899444031067-2.jpg\" alt=\"camping avec aire de jeux guerande\" class=\"wp-image-1121\" srcset=\"https:\/\/www.lesprairies.net\/wp-content\/uploads\/2023\/02\/photo-637903899444031067-2.jpg 1199w, https:\/\/www.lesprairies.net\/wp-content\/uploads\/2023\/02\/photo-637903899444031067-2-300x200.jpg 300w, https:\/\/www.lesprairies.net\/wp-content\/uploads\/2023\/02\/photo-637903899444031067-2-1024x683.jpg 1024w, https:\/\/www.lesprairies.net\/wp-content\/uploads\/2023\/02\/photo-637903899444031067-2-768x512.jpg 768w\" sizes=\"(max-width: 1199px) 100vw, 1199px\" \/><\/figure>\n<\/figure>\n\n\n\n<div class=\"wp-container-69f537d44857f wp-block-buttons button-gallery\">\n<div class=\"wp-block-button is-style-fill\"><a class=\"wp-block-button__link\" href=\"https:\/\/www.lesprairies.net\/nl\/galerij-media\/\">In beeld<\/a><\/div>\n<\/div>\n<\/div>\n<\/div>\n","protected":false},"excerpt":{"rendered":"<p>Kampeerplaatsen De camping**** Les Prairies de l&#8217;Etang verwelkomt kampeerders, caravans en campers op minder dan 20 minuten van La Baule en Gu\u00e9rande en op 5 minuten rijden van het strand, van 6 april tot 30 september. Sanitaire voorzieningen op de camping : Campers zullen hun afvalwatertank kunnen legen in een chemisch toilet en hun drinkwater [&hellip;]<\/p>\n","protected":false},"author":1,"featured_media":0,"parent":0,"menu_order":0,"comment_status":"closed","ping_status":"closed","template":"","meta":[],"acf":[],"_links":{"self":[{"href":"https:\/\/www.lesprairies.net\/nl\/wp-json\/wp\/v2\/pages\/1639"}],"collection":[{"href":"https:\/\/www.lesprairies.net\/nl\/wp-json\/wp\/v2\/pages"}],"about":[{"href":"https:\/\/www.lesprairies.net\/nl\/wp-json\/wp\/v2\/types\/page"}],"author":[{"embeddable":true,"href":"https:\/\/www.lesprairies.net\/nl\/wp-json\/wp\/v2\/users\/1"}],"replies":[{"embeddable":true,"href":"https:\/\/www.lesprairies.net\/nl\/wp-json\/wp\/v2\/comments?post=1639"}],"version-history":[{"count":5,"href":"https:\/\/www.lesprairies.net\/nl\/wp-json\/wp\/v2\/pages\/1639\/revisions"}],"predecessor-version":[{"id":2291,"href":"https:\/\/www.lesprairies.net\/nl\/wp-json\/wp\/v2\/pages\/1639\/revisions\/2291"}],"wp:attachment":[{"href":"https:\/\/www.lesprairies.net\/nl\/wp-json\/wp\/v2\/media?parent=1639"}],"curies":[{"name":"wp","href":"https:\/\/api.w.org\/{rel}","templated":true}]}}