{"id":1687,"date":"2023-03-14T16:08:31","date_gmt":"2023-03-14T15:08:31","guid":{"rendered":"https:\/\/www.lesprairies.net\/activiteiten-en-vrije-tijd-een-asserac-en-rond\/"},"modified":"2023-03-14T16:08:31","modified_gmt":"2023-03-14T15:08:31","slug":"activiteiten-en-vrije-tijd-een-asserac-en-rond","status":"publish","type":"page","link":"https:\/\/www.lesprairies.net\/nl\/activiteiten-en-vrije-tijd-een-asserac-en-rond\/","title":{"rendered":"SEO &#8211; Activiteiten en vrije tijd in en rond Ass\u00e9rac"},"content":{"rendered":"\n<div class=\"wp-container-69e232a2147fc wp-block-group deco--vague deco--fleur2\"><div class=\"wp-block-group__inner-container\">\n<h1 class=\"has-text-align-center\" id=\"activites-et-loisirs-a-asserac-span-text-et-aux-alentours-class-h6\">Activiteiten en vrije tijd in Ass\u00e9rac  <span class=\"fc-span h6\">en omliggende gebieden<\/span><\/h1>\n\n\n\n<p class=\"has-text-align-center\">Vanaf de camping**** Les Prairies de l&#8217;Etang in Ass\u00e9rac kunt u Zuid-Bretagne en de regio Loire-Atlantique ontdekken en genieten van de grote verscheidenheid aan landschappen en activiteiten.<\/p>\n\n\n\n<p class=\"has-text-align-center\">Liefhebbers van de zee zullen verrukt zijn over de vele stranden en de verscheidenheid van de kustlijn: ontspan op de stranden van Ass\u00e9rac zoals die van Pen-B\u00e9 en de baai van Pont-Mah\u00e9, die erg populair is bij watersporters&#8230; gelegen op 5 minuten van de camping met de auto of 15 minuten met de fiets langs de paden. U kunt ook profiteren van de badplaatsen La Baule (25 mn), Le Croisic (30 mn), Batz-sur-mer (30 mn), P\u00e9nestin (10 mn).<\/p>\n\n\n\n<p class=\"has-text-align-center\">Ontdek ook de zoutpannen van Ass\u00e9rac, de oester- en mosselkwekerijen rond de Traict de Pen B\u00e9.<\/p>\n\n\n\n<p class=\"has-text-align-center\">Er worden veel gezinsactiviteiten aangeboden: watersporten, museumbezoek, pretparken, zwemmen, strandspelen, wandelen, paardrijden en fietsen.<\/p>\n\n\n\n<p class=\"has-text-align-center\">Wilt u de omliggende steden en eilanden ontdekken? Aan de kant van Morbihan, bezoek La Roche Bernard (15mn), de stuwdam van Arzal, P\u00e9nestin, Camo\u00ebl, F\u00e9rel, bereikbaar in 10 minuten met de auto.<\/p>\n\n\n\n<p class=\"has-text-align-center\">De camping ligt ook op 10 minuten van de aanlegsteigers van La Turballe naar Belle-Ile en Mer, Houat en Ho\u00ebdic: maak een dagtocht naar de prachtige Bretonse eilanden.<\/p>\n\n\n\n<p class=\"has-text-align-center\">E\u00e9n ding is zeker, tijdens uw verblijf op de 4-sterren Camping Les Prairies de l&#8217;Etang in Ass\u00e9rac zult u zich geen moment vervelen!<\/p>\n\n\n\n<p class=\"has-text-align-center\"><strong>Voor de agenda van activiteiten en evenementen in La Baule &#8211; Gu\u00e9rande, <u>\n  <a rel=\"noreferrer noopener\" href=\"https:\/\/www.labaule-guerande.com\/tout-l-agenda-animations-evenements.html\" target=\"_blank\">klik hier <\/a>\n<\/u>!  <\/strong><\/p>\n<\/div><\/div>\n\n<figure class=\"wp-block-gallery has-nested-images columns-4 is-cropped gal--seo diaporama-mob\">\n<figure class=\"wp-block-image size-large\"><a href=\"https:\/\/www.lesprairies.net\/alentours\/1260\/\"><img width=\"1024\" height=\"686\" data-id=\"1261\"  src=\"https:\/\/www.lesprairies.net\/wp-content\/uploads\/2023\/02\/photo-635543334416806629-1-1024x686.jpg\" alt=\"\" class=\"wp-image-1261\" srcset=\"https:\/\/www.lesprairies.net\/wp-content\/uploads\/2023\/02\/photo-635543334416806629-1-1024x686.jpg 1024w, https:\/\/www.lesprairies.net\/wp-content\/uploads\/2023\/02\/photo-635543334416806629-1-300x201.jpg 300w, https:\/\/www.lesprairies.net\/wp-content\/uploads\/2023\/02\/photo-635543334416806629-1-768x514.jpg 768w, https:\/\/www.lesprairies.net\/wp-content\/uploads\/2023\/02\/photo-635543334416806629-1.jpg 1195w\" sizes=\"(max-width: 1024px) 100vw, 1024px\" \/><\/a><figcaption>De stranden van Ass\u00e9rac, op 5 minuten van de camping<\/figcaption><\/figure>\n\n\n<figure class=\"wp-block-image size-large\"><a href=\"https:\/\/www.lesprairies.net\/alentours\/penestin-a-10-min-du-camping\/\"><img width=\"1024\" height=\"680\" data-id=\"1265\"  src=\"https:\/\/www.lesprairies.net\/wp-content\/uploads\/2023\/02\/photo-634649808300408297-1-1024x680.jpg\" alt=\"\" class=\"wp-image-1265\" srcset=\"https:\/\/www.lesprairies.net\/wp-content\/uploads\/2023\/02\/photo-634649808300408297-1-1024x680.jpg 1024w, https:\/\/www.lesprairies.net\/wp-content\/uploads\/2023\/02\/photo-634649808300408297-1-300x199.jpg 300w, https:\/\/www.lesprairies.net\/wp-content\/uploads\/2023\/02\/photo-634649808300408297-1-768x510.jpg 768w, https:\/\/www.lesprairies.net\/wp-content\/uploads\/2023\/02\/photo-634649808300408297-1.jpg 1204w\" sizes=\"(max-width: 1024px) 100vw, 1024px\" \/><\/a><figcaption>P\u00e9nestin, op 10 minuten van de camping<\/figcaption><\/figure>\n\n\n<figure class=\"wp-block-image size-large\"><a href=\"https:\/\/www.lesprairies.net\/alentours\/la-peche-a-pied-a-pen-be\/\"><img width=\"1024\" height=\"671\" data-id=\"1273\"  src=\"https:\/\/www.lesprairies.net\/wp-content\/uploads\/2023\/02\/photo-634649807326654586-1-1024x671.jpg\" alt=\"\" class=\"wp-image-1273\" srcset=\"https:\/\/www.lesprairies.net\/wp-content\/uploads\/2023\/02\/photo-634649807326654586-1-1024x671.jpg 1024w, https:\/\/www.lesprairies.net\/wp-content\/uploads\/2023\/02\/photo-634649807326654586-1-300x197.jpg 300w, https:\/\/www.lesprairies.net\/wp-content\/uploads\/2023\/02\/photo-634649807326654586-1-768x503.jpg 768w, https:\/\/www.lesprairies.net\/wp-content\/uploads\/2023\/02\/photo-634649807326654586-1.jpg 1221w\" sizes=\"(max-width: 1024px) 100vw, 1024px\" \/><\/a><figcaption>Voetvissen bij Pen B\u00e9<\/figcaption><\/figure>\n\n\n<figure class=\"wp-block-image size-full\"><a href=\"https:\/\/www.lesprairies.net\/alentours\/les-marches-et-vide-greniers-aux-alentours\/\"><img width=\"640\" height=\"427\" data-id=\"1148\"  src=\"https:\/\/www.lesprairies.net\/wp-content\/uploads\/2023\/02\/the-grand-cheese-master-TJDBqlvTdGI-unsplash.jpg\" alt=\"\" class=\"wp-image-1148\" srcset=\"https:\/\/www.lesprairies.net\/wp-content\/uploads\/2023\/02\/the-grand-cheese-master-TJDBqlvTdGI-unsplash.jpg 640w, https:\/\/www.lesprairies.net\/wp-content\/uploads\/2023\/02\/the-grand-cheese-master-TJDBqlvTdGI-unsplash-300x200.jpg 300w\" sizes=\"(max-width: 640px) 100vw, 640px\" \/><\/a><figcaption>Markten en garageverkopen in de omgeving<\/figcaption><\/figure>\n\n\n<figure class=\"wp-block-image size-full\"><a href=\"https:\/\/www.lesprairies.net\/alentours\/les-marais-salants-dasserac\/\"><img width=\"640\" height=\"374\" data-id=\"1164\"  src=\"https:\/\/www.lesprairies.net\/wp-content\/uploads\/2023\/02\/sebastien-goldberg-tYaX_Lv1gCQ-unsplash.jpg\" alt=\"\" class=\"wp-image-1164\" srcset=\"https:\/\/www.lesprairies.net\/wp-content\/uploads\/2023\/02\/sebastien-goldberg-tYaX_Lv1gCQ-unsplash.jpg 640w, https:\/\/www.lesprairies.net\/wp-content\/uploads\/2023\/02\/sebastien-goldberg-tYaX_Lv1gCQ-unsplash-300x175.jpg 300w\" sizes=\"(max-width: 640px) 100vw, 640px\" \/><\/a><figcaption>De kwelders van Ass\u00e9rac<\/figcaption><\/figure>\n\n\n<figure class=\"wp-block-image size-full\"><a href=\"https:\/\/www.lesprairies.net\/alentours\/mesquer-quimiac\/\"><img width=\"640\" height=\"512\" data-id=\"1277\"  src=\"https:\/\/www.lesprairies.net\/wp-content\/uploads\/2023\/02\/pexels-frank-cone-2985018.jpg\" alt=\"\" class=\"wp-image-1277\" srcset=\"https:\/\/www.lesprairies.net\/wp-content\/uploads\/2023\/02\/pexels-frank-cone-2985018.jpg 640w, https:\/\/www.lesprairies.net\/wp-content\/uploads\/2023\/02\/pexels-frank-cone-2985018-300x240.jpg 300w\" sizes=\"(max-width: 640px) 100vw, 640px\" \/><\/a><figcaption>Mesquer-Quimiac<\/figcaption><\/figure>\n\n\n<figure class=\"wp-block-image size-large\"><a href=\"https:\/\/www.lesprairies.net\/alentours\/la-roche-bernard\/\"><img width=\"1024\" height=\"682\" data-id=\"1281\"  src=\"https:\/\/www.lesprairies.net\/wp-content\/uploads\/2023\/02\/photo-635543326100276022-1-1024x682.jpg\" alt=\"\" class=\"wp-image-1281\" srcset=\"https:\/\/www.lesprairies.net\/wp-content\/uploads\/2023\/02\/photo-635543326100276022-1-1024x682.jpg 1024w, https:\/\/www.lesprairies.net\/wp-content\/uploads\/2023\/02\/photo-635543326100276022-1-300x200.jpg 300w, https:\/\/www.lesprairies.net\/wp-content\/uploads\/2023\/02\/photo-635543326100276022-1-768x512.jpg 768w, https:\/\/www.lesprairies.net\/wp-content\/uploads\/2023\/02\/photo-635543326100276022-1.jpg 1201w\" sizes=\"(max-width: 1024px) 100vw, 1024px\" \/><\/a><figcaption>La Roche Bernard<\/figcaption><\/figure>\n\n\n<figure class=\"wp-block-image size-large\"><a href=\"https:\/\/www.lesprairies.net\/alentours\/planete-sauvage\/\"><img width=\"640\" height=\"958\" data-id=\"1253\"  src=\"https:\/\/www.lesprairies.net\/wp-content\/uploads\/2023\/02\/andreas-dress-NNe6epzHGm8-unsplash.jpg\" alt=\"\" class=\"wp-image-1253\" srcset=\"https:\/\/www.lesprairies.net\/wp-content\/uploads\/2023\/02\/andreas-dress-NNe6epzHGm8-unsplash.jpg 640w, https:\/\/www.lesprairies.net\/wp-content\/uploads\/2023\/02\/andreas-dress-NNe6epzHGm8-unsplash-200x300.jpg 200w\" sizes=\"(max-width: 640px) 100vw, 640px\" \/><\/a><figcaption>Wilde Planeet<\/figcaption><\/figure>\n\n\n<figure class=\"wp-block-image size-large\"><a href=\"https:\/\/www.lesprairies.net\/alentours\/le-zoo-de-branfere-un-parc-ludique-et-educatif\/\"><img width=\"640\" height=\"427\" data-id=\"1269\"  src=\"https:\/\/www.lesprairies.net\/wp-content\/uploads\/2023\/02\/michael-payne-a9NQ6z1zqro-unsplash.jpg\" alt=\"\" class=\"wp-image-1269\" srcset=\"https:\/\/www.lesprairies.net\/wp-content\/uploads\/2023\/02\/michael-payne-a9NQ6z1zqro-unsplash.jpg 640w, https:\/\/www.lesprairies.net\/wp-content\/uploads\/2023\/02\/michael-payne-a9NQ6z1zqro-unsplash-300x200.jpg 300w\" sizes=\"(max-width: 640px) 100vw, 640px\" \/><\/a><figcaption>Branf\u00e9r\u00e9 Zoo, een leuk en leerzaam park<\/figcaption><\/figure>\n\n\n<figure class=\"wp-block-image size-large\"><a href=\"https:\/\/www.lesprairies.net\/alentours\/ocearium-du-croisic\/\"><img width=\"640\" height=\"413\" data-id=\"1257\"  src=\"https:\/\/www.lesprairies.net\/wp-content\/uploads\/2023\/02\/david-clode-x9yfTxHpj5w-unsplash.jpg\" alt=\"\" class=\"wp-image-1257\" srcset=\"https:\/\/www.lesprairies.net\/wp-content\/uploads\/2023\/02\/david-clode-x9yfTxHpj5w-unsplash.jpg 640w, https:\/\/www.lesprairies.net\/wp-content\/uploads\/2023\/02\/david-clode-x9yfTxHpj5w-unsplash-300x194.jpg 300w\" sizes=\"(max-width: 640px) 100vw, 640px\" \/><\/a><figcaption>Oc\u00e9arium du Croisic<\/figcaption><\/figure>\n\n\n<figure class=\"wp-block-image size-large\"><a href=\"https:\/\/www.lesprairies.net\/alentours\/herbignac-en-bordure-de-briere\/\"><img width=\"1201\" height=\"800\" data-id=\"1236\"  src=\"https:\/\/www.lesprairies.net\/wp-content\/uploads\/2023\/02\/photo-634649805784591878-1.jpg\" alt=\"\" class=\"wp-image-1236\" srcset=\"https:\/\/www.lesprairies.net\/wp-content\/uploads\/2023\/02\/photo-634649805784591878-1.jpg 1201w, https:\/\/www.lesprairies.net\/wp-content\/uploads\/2023\/02\/photo-634649805784591878-1-300x200.jpg 300w, https:\/\/www.lesprairies.net\/wp-content\/uploads\/2023\/02\/photo-634649805784591878-1-1024x682.jpg 1024w, https:\/\/www.lesprairies.net\/wp-content\/uploads\/2023\/02\/photo-634649805784591878-1-768x512.jpg 768w\" sizes=\"(max-width: 1201px) 100vw, 1201px\" \/><\/a><figcaption>Herbignac aan de rand van de Briere<\/figcaption><\/figure><\/figure>\n","protected":false},"excerpt":{"rendered":"<p>Activiteiten en vrije tijd in Ass\u00e9rac Vanaf de camping**** Les Prairies de l&#8217;Etang in Ass\u00e9rac kunt u Zuid-Bretagne en de regio Loire-Atlantique ontdekken en genieten van de grote verscheidenheid aan landschappen en activiteiten. Liefhebbers van de zee zullen verrukt zijn over de vele stranden en de verscheidenheid van de kustlijn: ontspan op de stranden van [&hellip;]<\/p>\n","protected":false},"author":1,"featured_media":0,"parent":0,"menu_order":0,"comment_status":"closed","ping_status":"closed","template":"","meta":[],"acf":[],"_links":{"self":[{"href":"https:\/\/www.lesprairies.net\/nl\/wp-json\/wp\/v2\/pages\/1687"}],"collection":[{"href":"https:\/\/www.lesprairies.net\/nl\/wp-json\/wp\/v2\/pages"}],"about":[{"href":"https:\/\/www.lesprairies.net\/nl\/wp-json\/wp\/v2\/types\/page"}],"author":[{"embeddable":true,"href":"https:\/\/www.lesprairies.net\/nl\/wp-json\/wp\/v2\/users\/1"}],"replies":[{"embeddable":true,"href":"https:\/\/www.lesprairies.net\/nl\/wp-json\/wp\/v2\/comments?post=1687"}],"version-history":[{"count":1,"href":"https:\/\/www.lesprairies.net\/nl\/wp-json\/wp\/v2\/pages\/1687\/revisions"}],"predecessor-version":[{"id":1688,"href":"https:\/\/www.lesprairies.net\/nl\/wp-json\/wp\/v2\/pages\/1687\/revisions\/1688"}],"wp:attachment":[{"href":"https:\/\/www.lesprairies.net\/nl\/wp-json\/wp\/v2\/media?parent=1687"}],"curies":[{"name":"wp","href":"https:\/\/api.w.org\/{rel}","templated":true}]}}