{"id":1693,"date":"2023-03-14T16:08:53","date_gmt":"2023-03-14T15:08:53","guid":{"rendered":"https:\/\/www.lesprairies.net\/activiteiten-en-activiteiten-een-guerande-tijdens-je-camping-vakantie\/"},"modified":"2023-03-14T16:08:53","modified_gmt":"2023-03-14T15:08:53","slug":"activiteiten-en-activiteiten-een-guerande-tijdens-je-camping-vakantie","status":"publish","type":"page","link":"https:\/\/www.lesprairies.net\/nl\/activiteiten-en-activiteiten-een-guerande-tijdens-je-camping-vakantie\/","title":{"rendered":"SEO &#8211; Activiteiten en vrije tijd in Gu\u00e9rande tijdens uw kampeervakantie"},"content":{"rendered":"\n<div class=\"wp-container-69d012057de80 wp-block-group deco--vague deco--fleur2\"><div class=\"wp-block-group__inner-container\">\n<h1 class=\"has-text-align-center\" id=\"activites-et-loisirs-a-guerande-span-text-lors-de-vos-vacances-en-camping-class-h6\">Activiteiten en vrije tijd in Gu\u00e9rande  <span class=\"fc-span h6\">tijdens uw kampeervakantie<\/span><\/h1>\n\n\n\n<p class=\"has-text-align-center\">Tijdens uw vakantie op de camping Prairies de l&#8217;\u00e9tang nodigt <strong>Gu\u00e9rande<\/strong>, de geliefde stad van de hertogen van Bretagne, u uit om alle rijkdommen en authenticiteit te ontdekken van een karaktervolle<strong> middeleeuwse stad<\/strong> gelegen tussen de oceaan en de moerassen van Bri\u00e8re, de Loire in het zuiden en de Vilaine in het noorden.<\/p>\n\n\n\n<p class=\"has-text-align-center\">U zult verleid worden door het architectonische erfgoed van <strong>Gu\u00e9rande<\/strong>, de stadsmuren, de traditionele huizen en de levendige winkelstraten.  <\/p>\n\n\n\n<p class=\"has-text-align-center\">Ontdek ook het regionale natuurpark van Bri\u00e8re, per boot of koets, de wandelpaden van het <strong>schiereiland Gu\u00e9rande<\/strong>, de kleine vissershaventjes waar de tijd lijkt te hebben stilgestaan&#8230;<\/p>\n\n\n\n<p class=\"has-text-align-center\">Als u tijd hebt en een lang verblijf op de camping hebt geboekt, ga dan verder <a href=\"https:\/\/www.lesprairies.net\/241-a-decouvrir\/585-la-baule\">naar de baai van La Baule<\/a>!<\/p>\n\n\n\n<p class=\"has-text-align-center\">Wilt u uw vakantie doorbrengen in Gu\u00e9rande? Ontdek de <a href=\"https:\/\/www.lesprairies.net\/236-mobil-home\">campingverhuur Gu\u00e9rande<\/a> en reserveer uw stacaravan op Camping Les Prairies!<\/p>\n\n\n\n<p class=\"has-text-align-center\"><strong>Voor de agenda van activiteiten en evenementen in La Baule &#8211; Gu\u00e9rande, <u>\n  <a rel=\"noreferrer noopener\" href=\"https:\/\/www.labaule-guerande.com\/tout-l-agenda-animations-evenements.html\" target=\"_blank\">klik hier <\/a>\n<\/u>!  <\/strong><\/p>\n<\/div><\/div>\n\n<figure class=\"wp-block-gallery has-nested-images columns-4 is-cropped gal--seo diaporama-mob\">\n<figure class=\"wp-block-image size-large\"><a href=\"https:\/\/www.lesprairies.net\/alentours\/connaissez-vous-la-fleur-de-sel-de-guerande\/\"><img width=\"720\" height=\"480\" data-id=\"1197\"  src=\"https:\/\/www.lesprairies.net\/wp-content\/uploads\/2023\/02\/photo-635530559468657590-1.jpg\" alt=\"\" class=\"wp-image-1197\" srcset=\"https:\/\/www.lesprairies.net\/wp-content\/uploads\/2023\/02\/photo-635530559468657590-1.jpg 720w, https:\/\/www.lesprairies.net\/wp-content\/uploads\/2023\/02\/photo-635530559468657590-1-300x200.jpg 300w\" sizes=\"(max-width: 720px) 100vw, 720px\" \/><\/a><figcaption>Ken je de zoutbloem van Gu\u00e9rande?<\/figcaption><\/figure>\n\n\n<figure class=\"wp-block-image size-large\"><a href=\"https:\/\/www.lesprairies.net\/alentours\/guerande\/\"><img width=\"1200\" height=\"800\" data-id=\"1193\"  src=\"https:\/\/www.lesprairies.net\/wp-content\/uploads\/2023\/02\/photo-635544294902235633-1.jpg\" alt=\"\" class=\"wp-image-1193\" srcset=\"https:\/\/www.lesprairies.net\/wp-content\/uploads\/2023\/02\/photo-635544294902235633-1.jpg 1200w, https:\/\/www.lesprairies.net\/wp-content\/uploads\/2023\/02\/photo-635544294902235633-1-300x200.jpg 300w, https:\/\/www.lesprairies.net\/wp-content\/uploads\/2023\/02\/photo-635544294902235633-1-1024x683.jpg 1024w, https:\/\/www.lesprairies.net\/wp-content\/uploads\/2023\/02\/photo-635544294902235633-1-768x512.jpg 768w\" sizes=\"(max-width: 1200px) 100vw, 1200px\" \/><\/a><figcaption>Gu\u00e9rande<\/figcaption><\/figure>\n\n\n<figure class=\"wp-block-image size-large\"><a href=\"https:\/\/www.lesprairies.net\/alentours\/le-parc-regional-de-briere\/\"><img width=\"1216\" height=\"800\" data-id=\"1189\"  src=\"https:\/\/www.lesprairies.net\/wp-content\/uploads\/2023\/02\/photo-634649806620753346-1.jpg\" alt=\"\" class=\"wp-image-1189\" srcset=\"https:\/\/www.lesprairies.net\/wp-content\/uploads\/2023\/02\/photo-634649806620753346-1.jpg 1216w, https:\/\/www.lesprairies.net\/wp-content\/uploads\/2023\/02\/photo-634649806620753346-1-300x197.jpg 300w, https:\/\/www.lesprairies.net\/wp-content\/uploads\/2023\/02\/photo-634649806620753346-1-1024x674.jpg 1024w, https:\/\/www.lesprairies.net\/wp-content\/uploads\/2023\/02\/photo-634649806620753346-1-768x505.jpg 768w\" sizes=\"(max-width: 1216px) 100vw, 1216px\" \/><\/a><figcaption>Het regionale park Bri\u00e8re<\/figcaption><\/figure>\n\n\n<figure class=\"wp-block-image size-large\"><a href=\"https:\/\/www.lesprairies.net\/alentours\/les-marais-salants-de-guerande\/\"><img width=\"720\" height=\"480\" data-id=\"1185\"  src=\"https:\/\/www.lesprairies.net\/wp-content\/uploads\/2023\/02\/photo-635524590149191072-1.jpg\" alt=\"\" class=\"wp-image-1185\" srcset=\"https:\/\/www.lesprairies.net\/wp-content\/uploads\/2023\/02\/photo-635524590149191072-1.jpg 720w, https:\/\/www.lesprairies.net\/wp-content\/uploads\/2023\/02\/photo-635524590149191072-1-300x200.jpg 300w\" sizes=\"(max-width: 720px) 100vw, 720px\" \/><\/a><figcaption>De kwelders van Gu\u00e9rande<\/figcaption><\/figure>\n\n\n<figure class=\"wp-block-image size-large\"><a href=\"https:\/\/www.lesprairies.net\/alentours\/le-musee-du-pays-de-guerande\/\"><img width=\"720\" height=\"480\" data-id=\"1181\"  src=\"https:\/\/www.lesprairies.net\/wp-content\/uploads\/2023\/02\/photo-635524586495196654-1.jpg\" alt=\"\" class=\"wp-image-1181\" srcset=\"https:\/\/www.lesprairies.net\/wp-content\/uploads\/2023\/02\/photo-635524586495196654-1.jpg 720w, https:\/\/www.lesprairies.net\/wp-content\/uploads\/2023\/02\/photo-635524586495196654-1-300x200.jpg 300w\" sizes=\"(max-width: 720px) 100vw, 720px\" \/><\/a><figcaption>Het museum van het land Gu\u00e9rande<\/figcaption><\/figure>\n\n\n<figure class=\"wp-block-image size-large\"><a href=\"https:\/\/www.lesprairies.net\/alentours\/guerande-ville-dart-et-dhistoire\/\"><img width=\"720\" height=\"480\" data-id=\"1177\"  src=\"https:\/\/www.lesprairies.net\/wp-content\/uploads\/2023\/02\/photo-634666379930931853-2.jpg\" alt=\"\" class=\"wp-image-1177\" srcset=\"https:\/\/www.lesprairies.net\/wp-content\/uploads\/2023\/02\/photo-634666379930931853-2.jpg 720w, https:\/\/www.lesprairies.net\/wp-content\/uploads\/2023\/02\/photo-634666379930931853-2-300x200.jpg 300w\" sizes=\"(max-width: 720px) 100vw, 720px\" \/><\/a><figcaption>Gu\u00e9rande, stad van kunst en geschiedenis<\/figcaption><\/figure>\n\n\n<figure class=\"wp-block-image size-large\"><a href=\"https:\/\/www.lesprairies.net\/alentours\/promenades-et-randonnees-en-presquile-de-guerande\/\"><img width=\"720\" height=\"480\" data-id=\"1172\"  src=\"https:\/\/www.lesprairies.net\/wp-content\/uploads\/2023\/02\/photo-635524594912191438-1.jpg\" alt=\"\" class=\"wp-image-1172\" srcset=\"https:\/\/www.lesprairies.net\/wp-content\/uploads\/2023\/02\/photo-635524594912191438-1.jpg 720w, https:\/\/www.lesprairies.net\/wp-content\/uploads\/2023\/02\/photo-635524594912191438-1-300x200.jpg 300w\" sizes=\"(max-width: 720px) 100vw, 720px\" \/><\/a><figcaption>Wandelingen en trektochten op het schiereiland Gu\u00e9rande<\/figcaption><\/figure><\/figure>\n","protected":false},"excerpt":{"rendered":"<p>Activiteiten en vrije tijd in Gu\u00e9rande Tijdens uw vakantie op de camping Prairies de l&#8217;\u00e9tang nodigt Gu\u00e9rande, de geliefde stad van de hertogen van Bretagne, u uit om alle rijkdommen en authenticiteit te ontdekken van een karaktervolle middeleeuwse stad gelegen tussen de oceaan en de moerassen van Bri\u00e8re, de Loire in het zuiden en de [&hellip;]<\/p>\n","protected":false},"author":1,"featured_media":0,"parent":0,"menu_order":0,"comment_status":"closed","ping_status":"closed","template":"","meta":[],"acf":[],"_links":{"self":[{"href":"https:\/\/www.lesprairies.net\/nl\/wp-json\/wp\/v2\/pages\/1693"}],"collection":[{"href":"https:\/\/www.lesprairies.net\/nl\/wp-json\/wp\/v2\/pages"}],"about":[{"href":"https:\/\/www.lesprairies.net\/nl\/wp-json\/wp\/v2\/types\/page"}],"author":[{"embeddable":true,"href":"https:\/\/www.lesprairies.net\/nl\/wp-json\/wp\/v2\/users\/1"}],"replies":[{"embeddable":true,"href":"https:\/\/www.lesprairies.net\/nl\/wp-json\/wp\/v2\/comments?post=1693"}],"version-history":[{"count":1,"href":"https:\/\/www.lesprairies.net\/nl\/wp-json\/wp\/v2\/pages\/1693\/revisions"}],"predecessor-version":[{"id":1694,"href":"https:\/\/www.lesprairies.net\/nl\/wp-json\/wp\/v2\/pages\/1693\/revisions\/1694"}],"wp:attachment":[{"href":"https:\/\/www.lesprairies.net\/nl\/wp-json\/wp\/v2\/media?parent=1693"}],"curies":[{"name":"wp","href":"https:\/\/api.w.org\/{rel}","templated":true}]}}